{"id":464,"date":"2023-03-20T09:59:12","date_gmt":"2023-03-20T08:59:12","guid":{"rendered":"https:\/\/360insport.com\/wing-foil-kurse\/"},"modified":"2023-05-14T12:53:16","modified_gmt":"2023-05-14T11:53:16","slug":"wing-foil-kurse","status":"publish","type":"page","link":"https:\/\/360insport.com\/de\/wing-foil-kurse\/","title":{"rendered":"WING FOIL Kurse"},"content":{"rendered":"\n\t<section class=\"section dark\" id=\"section_844394488\">\n\t\t<div class=\"bg section-bg fill bg-fill  \" >\n\n\t\t\t\t<div class=\"video-overlay no-click fill\"><\/div>\n\t<div id=\"ytplayer-542\" class=\"ux-youtube fill object-fit visible\" data-videoid=\"4RnOb_qa-t4\" data-loop=\"1\" data-audio=\"0\"><\/div>\n\n\t\t\t<div class=\"section-bg-overlay absolute fill\"><\/div>\n\t\t\t\n\n\t\t<\/div>\n\n\t\t\n\n\t\t<div class=\"section-content relative\">\n\t\t\t\n\n<div class=\"row\"  id=\"row-825979413\">\n\n\n\t<div id=\"col-1607514298\" class=\"col medium-12 small-12 large-6\"  >\n\t\t\t\t<div class=\"col-inner\"  >\n\t\t\t\n\t\t\t\n\n\t<div id=\"gap-1239308515\" class=\"gap-element clearfix\" style=\"display:block; height:auto;\">\n\t\t\n<style>\n#gap-1239308515 {\n  padding-top: 30px;\n}\n<\/style>\n\t<\/div>\n\t\n\n\t<div id=\"text-2625497855\" class=\"text\">\n\t\t\n\n<h2 class=\"uppercase\">WING FOIL<\/h2>\n\t\t\n<style>\n#text-2625497855 {\n  font-size: 1.65rem;\n  text-align: center;\n}\n@media (min-width:850px) {\n  #text-2625497855 {\n    text-align: left;\n  }\n}\n<\/style>\n\t<\/div>\n\t\n\t<div id=\"text-3820734134\" class=\"text\">\n\t\t\n\n<p>Wing Foil Kurse, Privat- und Gruppenunterricht, Liftservice, Ausr\u00fcstungsverleih<\/p>\n\t\t\n<style>\n#text-3820734134 {\n  text-align: center;\n}\n@media (min-width:850px) {\n  #text-3820734134 {\n    text-align: left;\n  }\n}\n<\/style>\n\t<\/div>\n\t\n\t<div id=\"stack-1153730395\" class=\"stack stack-row justify-start items-stretch sm:stack-col md:justify-center\">\n\t\t\n\n<a href=\"https:\/\/360insport.com\/i-nostri-corsi-di-wing-sul-lago-di-como\/\" class=\"button white\"  style=\"padding:5px 30px 5px 30px;\">\n    <span>PROBIEREN SIE ES MIT UNS AUS<\/span>\n  <\/a>\n\n\n\n\t\t\n<style>\n#stack-1153730395 > * {\n  --stack-gap: 0.5rem;\n}\n<\/style>\n\t<\/div>\n\t\n\n\t\t<\/div>\n\t\t\t\t\n<style>\n#col-1607514298 > .col-inner {\n  padding: 0px 0px 0px 0;\n}\n@media (min-width:550px) {\n  #col-1607514298 > .col-inner {\n    padding: 0px 10% 0px 10%;\n  }\n}\n<\/style>\n\t<\/div>\n\n\t\n\n<\/div>\n\n\t\t<\/div>\n\n\t\t\n<style>\n#section_844394488 {\n  padding-top: 30px;\n  padding-bottom: 30px;\n  min-height: 500px;\n}\n#section_844394488 .section-bg-overlay {\n  background-color: rgba(0, 0, 0, 0.3);\n}\n#section_844394488 .section-bg.bg-loaded {\n  background-image: url(https:\/\/360insport.com\/wp-content\/uploads\/2023\/03\/DuotoneFoil.webp);\n}\n<\/style>\n\t<\/section>\n\t\n\t<div id=\"gap-760680560\" class=\"gap-element clearfix\" style=\"display:block; height:auto;\">\n\t\t\n<style>\n#gap-760680560 {\n  padding-top: 30px;\n}\n<\/style>\n\t<\/div>\n\t\n\n\t<section class=\"section\" id=\"section_1749557614\">\n\t\t<div class=\"bg section-bg fill bg-fill  bg-loaded\" >\n\n\t\t\t\n\t\t\t\n\t\t\t\n\n\t\t<\/div>\n\n\t\t\n\n\t\t<div class=\"section-content relative\">\n\t\t\t\n\n<h2 class=\"uppercase\">WING FOIL SCHOOL am Comer See<\/h2>\n<p>Jeder kann auf diesen wunderbaren Sport zugreifen, man braucht keine Kraft, er ist einfach, schnell zu erlernen und auch g\u00fcnstig, aber&#8230;&#8230;<\/p>\n<h4>Wing Foil geh\u00f6rt zu den Sportarten, deren Herangehensweise mit DIY oder der Unterst\u00fctzung eines Freundes, der es bereits praktiziert, nicht empfohlen wird.<\/h4>\n<p>Es ist wichtig, dass die ersten Schritte in der Welt von Wing von qualifizierten Instruktoren begleitet werden. Nicht so sehr wegen der Gef\u00e4hrlichkeit des Sports, sondern um das Lernen linear, schrittweise und so lohnend wie m\u00f6glich zu gestalten. Dies liegt daran, dass Wing Foil vor allem am Anfang, wenn es selbst unterrichtet wird, \u00e4u\u00dferst frustrierend sein kann.<\/p>\n<p>Alle unsere Instruktoren improvisierten keine &#8222;Meister&#8220;, sondern absolvierten alle notwendigen Kurse, um sich als Instruktoren zu qualifizieren, die vom Nationalen Olympischen Komitee Italiens (<a href=\"https:\/\/www.coni.it\">CONI<\/a>) und vom italienischen Segelverband (<a href=\"https:\/\/www.federvela.it\/\">FIV<\/a>) anerkannt sind. Dank dieser Vorbereitung bin ich in der Lage, jeden in diesem Sport zur Autonomie zu bringen. Die einzige Voraussetzung ist, keine Angst vor Wasser zu haben und lernen zu wollen!<\/p>\n\n\t\t<\/div>\n\n\t\t\n<style>\n#section_1749557614 {\n  padding-top: 0px;\n  padding-bottom: 0px;\n}\n<\/style>\n\t<\/section>\n\t\n\t<section class=\"section\" id=\"section_78854679\">\n\t\t<div class=\"bg section-bg fill bg-fill  bg-loaded\" >\n\n\t\t\t\n\t\t\t\n\t\t\t\n\n\t\t<\/div>\n\n\t\t\n\n\t\t<div class=\"section-content relative\">\n\t\t\t\n\n  <div class=\"banner-grid-wrapper\">\n  <div id=\"banner-grid-2021439647\" class=\"banner-grid row row-grid row-small\" data-packery-options=\"\">\n                      \n\n<div class=\"col grid-col large-8 grid-col-2-3\" ><div class=\"col-inner\">\n\n\t<div class=\"img has-hover x md-x lg-x y md-y lg-y\" id=\"image_232474781\">\n\t\t\t\t\t\t\t\t<div class=\"img-inner dark\" >\n\t\t\t<img loading=\"lazy\" decoding=\"async\" width=\"800\" height=\"486\" src=\"https:\/\/360insport.com\/wp-content\/uploads\/2023\/03\/wing3.jpg\" class=\"attachment-large size-large\" alt=\"\" srcset=\"https:\/\/360insport.com\/wp-content\/uploads\/2023\/03\/wing3.jpg 800w, https:\/\/360insport.com\/wp-content\/uploads\/2023\/03\/wing3-300x182.jpg 300w, https:\/\/360insport.com\/wp-content\/uploads\/2023\/03\/wing3-768x467.jpg 768w\" sizes=\"auto, (max-width: 800px) 100vw, 800px\" \/>\t\t\t\t\t\t\n\t\t\t\t\t<\/div>\n\t\t\t\t\t\t\t\t\n<style>\n#image_232474781 {\n  width: 100%;\n}\n<\/style>\n\t<\/div>\n\t\n\n\n<\/div><\/div>\n<div class=\"col grid-col large-4 grid-col-1-3\" ><div class=\"col-inner\">\n\n\t<div class=\"img has-hover x md-x lg-x y md-y lg-y\" id=\"image_2131035023\">\n\t\t<a class=\"\" href=\"https:\/\/360insport.com\/de\/\" >\t\t\t\t\t\t<div class=\"img-inner dark\" >\n\t\t\t<img loading=\"lazy\" decoding=\"async\" width=\"1020\" height=\"765\" src=\"https:\/\/360insport.com\/wp-content\/uploads\/2023\/03\/RetinaLogo-1024x768-1.webp\" class=\"attachment-large size-large\" alt=\"\" srcset=\"https:\/\/360insport.com\/wp-content\/uploads\/2023\/03\/RetinaLogo-1024x768-1.webp 1024w, https:\/\/360insport.com\/wp-content\/uploads\/2023\/03\/RetinaLogo-1024x768-1-300x225.webp 300w, https:\/\/360insport.com\/wp-content\/uploads\/2023\/03\/RetinaLogo-1024x768-1-768x576.webp 768w\" sizes=\"auto, (max-width: 1020px) 100vw, 1020px\" \/>\t\t\t\t\t\t\n\t\t\t\t\t<\/div>\n\t\t\t\t\t\t<\/a>\t\t\n<style>\n#image_2131035023 {\n  width: 100%;\n}\n<\/style>\n\t<\/div>\n\t\n\n\n<\/div><\/div>\n<div class=\"col grid-col large-4 grid-col-2-3\" ><div class=\"col-inner\">\n\n\t<div class=\"img has-hover x md-x lg-x y md-y lg-y\" id=\"image_1764534359\">\n\t\t\t\t\t\t\t\t<div class=\"img-inner dark\" >\n\t\t\t<img loading=\"lazy\" decoding=\"async\" width=\"400\" height=\"741\" src=\"https:\/\/360insport.com\/wp-content\/uploads\/2023\/03\/wing1.jpg\" class=\"attachment-original size-original\" alt=\"\" srcset=\"https:\/\/360insport.com\/wp-content\/uploads\/2023\/03\/wing1.jpg 400w, https:\/\/360insport.com\/wp-content\/uploads\/2023\/03\/wing1-162x300.jpg 162w\" sizes=\"auto, (max-width: 400px) 100vw, 400px\" \/>\t\t\t\t\t\t\n\t\t\t\t\t<\/div>\n\t\t\t\t\t\t\t\t\n<style>\n#image_1764534359 {\n  width: 100%;\n}\n<\/style>\n\t<\/div>\n\t\n\n\n<\/div><\/div>\n<div class=\"col grid-col large-8 grid-col-1-3\" ><div class=\"col-inner\">\n\n\t<div class=\"img has-hover x md-x lg-x y md-y lg-y\" id=\"image_49770321\">\n\t\t\t\t\t\t\t\t<div class=\"img-inner dark\" >\n\t\t\t<img loading=\"lazy\" decoding=\"async\" width=\"800\" height=\"495\" src=\"https:\/\/360insport.com\/wp-content\/uploads\/2023\/03\/wing2.jpg\" class=\"attachment-large size-large\" alt=\"\" srcset=\"https:\/\/360insport.com\/wp-content\/uploads\/2023\/03\/wing2.jpg 800w, https:\/\/360insport.com\/wp-content\/uploads\/2023\/03\/wing2-300x186.jpg 300w, https:\/\/360insport.com\/wp-content\/uploads\/2023\/03\/wing2-768x475.jpg 768w\" sizes=\"auto, (max-width: 800px) 100vw, 800px\" \/>\t\t\t\t\t\t\n\t\t\t\t\t<\/div>\n\t\t\t\t\t\t\t\t\n<style>\n#image_49770321 {\n  width: 100%;\n}\n<\/style>\n\t<\/div>\n\t\n\n\n<\/div><\/div>\n\n            <\/div>\n    <style>\n    #banner-grid-2021439647 .grid-col-1{height: 600px}\n    #banner-grid-2021439647 .grid-col-1-2{height: 300px}\n    #banner-grid-2021439647 .grid-col-1-3{height:200px}\n    #banner-grid-2021439647 .grid-col-2-3{height: 400px}\n    #banner-grid-2021439647 .grid-col-1-4{height: 150px}\n    #banner-grid-2021439647 .grid-col-3-4{height: 450px}\n\n\n    \n    \n\n  <\/style>\n    <\/div>\n  \n\n\t\t<\/div>\n\n\t\t\n<style>\n#section_78854679 {\n  padding-top: 30px;\n  padding-bottom: 30px;\n}\n<\/style>\n\t<\/section>\n\t\n\t<section class=\"section\" id=\"section_1430152167\">\n\t\t<div class=\"bg section-bg fill bg-fill  bg-loaded\" >\n\n\t\t\t\n\t\t\t\n\t\t\t\n\n\t\t<\/div>\n\n\t\t\n\n\t\t<div class=\"section-content relative\">\n\t\t\t\n\n<h1>UNSERE WING FOIL SCHULE<\/h1>\n<p>Unsere Schule ist eine der wenigen, die \u00fcber einen physischen Standort verf\u00fcgt und Sie vor und nach dem Unterricht begr\u00fc\u00dfen kann. Wir befinden uns in Dervio, am Hafen von Santa Cecilia, am ber\u00fchmten Comer See, wo es die besten Windbedingungen in ganz Norditalien gibt. In der N\u00e4he von Mailand, Lecco, Como, Lugano, Bergamo und Sondrio. Wir haben auch einen &#8222;Abholpunkt&#8220; auf der anderen Seite des Sees in Santa Maria di Rezzonico an der Bar <a href=\"https:\/\/www.google.com\/maps\/place\/BEACH+29+Bar+Pizzeria+Griglieria\/@46.0658108,9.2703344,15z\/data=!4m14!1m7!3m6!1s0x47843e08fcf78973:0x6fa34d204bc01268!2sBEACH+29+Bar+Pizzeria+Griglieria!8m2!3d46.0658108!4d9.2703344!16s%2Fg%2F11b_2g72j3!3m5!1s0x47843e08fcf78973:0x6fa34d204bc01268!8m2!3d46.0658108!4d9.2703344!16s%2Fg%2F11b_2g72j3\">Beach 29<\/a> f\u00fcr diejenigen, die aus der Schweiz oder Como anreisen.<\/p>\n<h4>Hier weht der Wind (La Breva) von April bis September jeden Nachmittag von 12 bis 19 Uhr stark und ist der beste Wind, um diesen Sport zu erlernen, da er konstant und ohne B\u00f6en ist. Nicht zu stark und nicht zu schwach; Mit anderen Worten, es ist perfekt!<\/h4>\n<p>Unsere Schule ist ein Sportverein, der der <a href=\"https:\/\/www.uisp.it\">UISP<\/a> angeschlossen ist, und dies garantiert Ihnen maximalen Schutz, wenn Sie diesen Sport bei uns lernen oder aus\u00fcben. Alle unsere Sch\u00fcler und alle unsere Praktiker M\u00dcSSEN unbedingt zu einem Preis von nur 35 \u20ac pro Kalenderjahr in unsere Schule eintreten, um einen <a href=\"https:\/\/www.uisp.it\/nazionale\/pagina\/soci-e-assicurazione\">Versicherungsschutz<\/a> gegen Anspr\u00fcche wie Unf\u00e4lle, schwere Ereignisse und Anspr\u00fcche zu gew\u00e4hrleisten. Um Zugang zu Wasseraktivit\u00e4ten zu erhalten, m\u00fcssen Sie in guter k\u00f6rperlicher Verfassung sein.<\/p>\n\n\t\t<\/div>\n\n\t\t\n<style>\n#section_1430152167 {\n  padding-top: 30px;\n  padding-bottom: 30px;\n}\n<\/style>\n\t<\/section>\n\t\n\t<section class=\"section\" id=\"section_381578591\">\n\t\t<div class=\"bg section-bg fill bg-fill  bg-loaded\" >\n\n\t\t\t\n\t\t\t\n\t\t\t\n\n\t\t<\/div>\n\n\t\t\n\n\t\t<div class=\"section-content relative\">\n\t\t\t\n\n<div class=\"row row-collapse row-full-width\"  id=\"row-46719451\">\n\n\n\t<div id=\"col-917913478\" class=\"col small-12 large-12\"  >\n\t\t\t\t<div class=\"col-inner\" style=\"background-color:rgb(19, 45, 65);\" >\n\t\t\t\n\t\t\t\n\n<div class=\"row row-collapse row-full-width align-middle\"  id=\"row-283232162\">\n\n\n\t<div id=\"col-1692861165\" class=\"col medium-12 small-12 large-6\"  >\n\t\t\t\t<div class=\"col-inner\"  >\n\t\t\t\n\t\t\t\n\n\n  <div class=\"banner has-hover\" id=\"banner-778713236\">\n          <div class=\"banner-inner fill\">\n        <div class=\"banner-bg fill\" >\n            <div class=\"bg fill bg-fill \"><\/div>\n                                    \n                    <\/div>\n\t\t\n        <div class=\"banner-layers container\">\n            <div class=\"fill banner-link\"><\/div>            \n\n\n        <\/div>\n      <\/div>\n\n            \n<style>\n#banner-778713236 {\n  padding-top: 300px;\n  background-color: rgba(255, 255, 255, 0);\n}\n#banner-778713236 .bg.bg-loaded {\n  background-image: url(https:\/\/360insport.com\/wp-content\/uploads\/2023\/03\/wing4.jpg);\n}\n#banner-778713236 .bg {\n  background-position: 29% 54%;\n}\n@media (min-width:550px) {\n  #banner-778713236 {\n    padding-top: 500px;\n  }\n}\n<\/style>\n  <\/div>\n\n\n\n\t\t<\/div>\n\t\t\t\t\t<\/div>\n\n\t\n\n\t<div id=\"col-654288125\" class=\"col medium-12 small-12 large-6\"  >\n\t\t\t\t<div class=\"col-inner dark\"  >\n\t\t\t\n\t\t\t\n\n<div class=\"row align-center\"  id=\"row-586460824\">\n\n\n\t<div id=\"col-1281147916\" class=\"col medium-8 small-12 large-8\"  >\n\t\t\t\t<div class=\"col-inner text-center\"  >\n\t\t\t\n\t\t\t\n\n\t<div id=\"gap-917576135\" class=\"gap-element clearfix\" style=\"display:block; height:auto;\">\n\t\t\n<style>\n#gap-917576135 {\n  padding-top: 30px;\n}\n<\/style>\n\t<\/div>\n\t\n\n\t<div id=\"gap-598012395\" class=\"gap-element clearfix\" style=\"display:block; height:auto;\">\n\t\t\n<style>\n#gap-598012395 {\n  padding-top: 5px;\n}\n<\/style>\n\t<\/div>\n\t\n\n\t<div id=\"text-2052616047\" class=\"text\">\n\t\t\n\n<p>360 In-Sport Schule f\u00fcr Wing Foil<\/p>\n<p>Wing Foil Kurse, Privat- und Gruppenunterricht, Liftservice, Ausr\u00fcstungsverleih<\/p>\n\t\t\n<style>\n#text-2052616047 {\n  font-size: 2rem;\n  line-height: 1;\n}\n@media (min-width:550px) {\n  #text-2052616047 {\n    font-size: 2.25rem;\n  }\n}\n<\/style>\n\t<\/div>\n\t\n<a href=\"https:\/\/360insport.com\/i-nostri-corsi-di-wing-sul-lago-di-como\/\" class=\"button white\"  style=\"padding:8px 30px 8px 30px;\">\n    <span>ENTDECKEN SIE UNSERE KURSE<\/span>\n  <\/a>\n\n\n\n\t\t<\/div>\n\t\t\t\t\n<style>\n#col-1281147916 > .col-inner {\n  padding: 0px 5% 0px 5%;\n}\n@media (min-width:550px) {\n  #col-1281147916 > .col-inner {\n    padding: 0 0px 0px 0px;\n  }\n}\n<\/style>\n\t<\/div>\n\n\t\n\n<\/div>\n\n\t\t<\/div>\n\t\t\t\t\n<style>\n#col-654288125 > .col-inner {\n  padding: 10% 0px 8% 0px;\n}\n<\/style>\n\t<\/div>\n\n\t\n\n<\/div>\n\n\t\t<\/div>\n\t\t\t\t\t<\/div>\n\n\t\n\n<\/div>\n\n\t\t<\/div>\n\n\t\t\n<style>\n#section_381578591 {\n  padding-top: 0px;\n  padding-bottom: 0px;\n}\n<\/style>\n\t<\/section>\n\t\n\t<section class=\"section\" id=\"section_965689568\">\n\t\t<div class=\"bg section-bg fill bg-fill  bg-loaded\" >\n\n\t\t\t\n\t\t\t\n\t\t\t\n\n\t\t<\/div>\n\n\t\t\n\n\t\t<div class=\"section-content relative\">\n\t\t\t\n\n<h1>DIE AUSR\u00dcSTUNG DER WING FOIL SCHULE<\/h1>\n<p>Im Gegensatz zu vielen anderen Schulen verwenden wir neue Ger\u00e4te! Dies liegt daran, dass wir keine Probleme mit Ger\u00e4ten haben, die kaputt gehen, und aus diesem Grund kommt es nie vor, dass wir den Unterricht aufgrund eines Bruchs unterbrechen m\u00fcssen. Wir stellen dir alles zur Verf\u00fcgung, was du brauchst: Neoprenanzug, Schwimmjacke, Helm mit Funk, Board und Wing. Die Verwendung des Funkger\u00e4ts erm\u00f6glicht es dem Lehrer, mit dem Sch\u00fcler im Wasser zu kommunizieren, ohne schreien zu m\u00fcssen. Einen Lehrer zu h\u00f6ren, der nicht schreit, beruhigt den Sch\u00fcler, so dass er sich nur auf die \u00dcbungen des Lehrers konzentrieren kann.<\/p>\n<h4>Wir haben auch ein Boot und ein Beiboot, um den Sch\u00fclern und den Liften im Wasser zu folgen.<\/h4>\n<p>Dauer der Lektion: Die tats\u00e4chliche Dauer der Lektion betr\u00e4gt eine Stunde ab dem Zeitpunkt, an dem der Sch\u00fcler ins Wasser gesetzt wird. Wenn der Sch\u00fcler in der Stunde viel klettert, ist auch die R\u00fcckkehr zum Startpunkt enthalten.<\/p>\n<p>F\u00fcr Studenten, die den Kurs abgeschlossen haben und unabh\u00e4ngig sind, wird erwartet, dass sie auf unseren Liftservice zugreifen k\u00f6nnen, der den Start an einem Punkt des Sees vorsieht, an dem der Wind optimal ist, und die anschlie\u00dfende Erholung am Ende der Aktivit\u00e4t.<\/p>\n<p><a href=\"https:\/\/360insport.com\/i-nostri-corsi-di-wing-sul-lago-di-como\/\">Gehen Sie zu unseren Kursen, kontaktieren Sie uns und probieren Sie jetzt 360 INSPORT am Comer See aus.<\/a><\/p>\n\n\t\t<\/div>\n\n\t\t\n<style>\n#section_965689568 {\n  padding-top: 30px;\n  padding-bottom: 30px;\n}\n<\/style>\n\t<\/section>\n\t\n<div class=\"row\"  id=\"row-1180112558\">\n\n\n\t<div id=\"col-907109685\" class=\"col small-12 large-12\"  >\n\t\t\t\t<div class=\"col-inner\"  >\n\t\t\t\n\t\t\t\n\n<div class=\"video video-fit mb\" style=\"padding-top:56.25%;\"><iframe loading=\"lazy\" title=\"WingFoil Dario - Dakhla - Marzo 2023\" width=\"1020\" height=\"574\" src=\"https:\/\/www.youtube.com\/embed\/c7X1tx6CpqE?feature=oembed\" frameborder=\"0\" allow=\"accelerometer; autoplay; clipboard-write; encrypted-media; gyroscope; picture-in-picture; web-share\" allowfullscreen><\/iframe><\/div>\n\n\n\t\t<\/div>\n\t\t\t\t\t<\/div>\n\n\t\n\n<\/div>\n\n","protected":false},"excerpt":{"rendered":"","protected":false},"author":1,"featured_media":0,"parent":0,"menu_order":0,"comment_status":"closed","ping_status":"closed","template":"","meta":{"footnotes":""},"class_list":["post-464","page","type-page","status-publish","hentry"],"aioseo_notices":[],"_links":{"self":[{"href":"https:\/\/360insport.com\/de\/wp-json\/wp\/v2\/pages\/464","targetHints":{"allow":["GET"]}}],"collection":[{"href":"https:\/\/360insport.com\/de\/wp-json\/wp\/v2\/pages"}],"about":[{"href":"https:\/\/360insport.com\/de\/wp-json\/wp\/v2\/types\/page"}],"author":[{"embeddable":true,"href":"https:\/\/360insport.com\/de\/wp-json\/wp\/v2\/users\/1"}],"replies":[{"embeddable":true,"href":"https:\/\/360insport.com\/de\/wp-json\/wp\/v2\/comments?post=464"}],"version-history":[{"count":1,"href":"https:\/\/360insport.com\/de\/wp-json\/wp\/v2\/pages\/464\/revisions"}],"predecessor-version":[{"id":465,"href":"https:\/\/360insport.com\/de\/wp-json\/wp\/v2\/pages\/464\/revisions\/465"}],"wp:attachment":[{"href":"https:\/\/360insport.com\/de\/wp-json\/wp\/v2\/media?parent=464"}],"curies":[{"name":"wp","href":"https:\/\/api.w.org\/{rel}","templated":true}]}}