{"id":466,"date":"2023-03-28T14:31:57","date_gmt":"2023-03-28T13:31:57","guid":{"rendered":"https:\/\/360insport.com\/unsere-kitesurfkurse-am-comer-see\/"},"modified":"2023-05-14T13:05:56","modified_gmt":"2023-05-14T12:05:56","slug":"unsere-kitesurfkurse-am-comer-see","status":"publish","type":"page","link":"https:\/\/360insport.com\/de\/unsere-kitesurfkurse-am-comer-see\/","title":{"rendered":"Unsere Kitesurfkurse am Comer See"},"content":{"rendered":"\n<div class=\"video video-fit mb\" style=\"padding-top:56.25%;\"><iframe loading=\"lazy\" title=\"Impara il Kite Surf sul lago di Como, corsi di gruppo e lezioni individuali.\" width=\"1020\" height=\"574\" src=\"https:\/\/www.youtube.com\/embed\/sgM_KnwAbio?feature=oembed\" frameborder=\"0\" allow=\"accelerometer; autoplay; clipboard-write; encrypted-media; gyroscope; picture-in-picture; web-share\" allowfullscreen><\/iframe><\/div>\n\n\t<section class=\"section\" id=\"section_1575280877\">\n\t\t<div class=\"bg section-bg fill bg-fill  bg-loaded\" >\n\n\t\t\t\n\t\t\t\n\t\t\t\n\n\t\t<\/div>\n\n\t\t\n\n\t\t<div class=\"section-content relative\">\n\t\t\t\n\n\t<div id=\"gap-1307201051\" class=\"gap-element clearfix\" style=\"display:block; height:auto;\">\n\t\t\n<style>\n#gap-1307201051 {\n  padding-top: 30px;\n}\n<\/style>\n\t<\/div>\n\t\n\n<div class=\"row align-middle align-center\"  id=\"row-1868883389\">\n\n\n\t<div id=\"col-1759691211\" class=\"col medium-12 small-12 large-6\"  >\n\t\t\t\t<div class=\"col-inner\"  >\n\t\t\t\n\t\t\t\n\n<div class=\"row\"  id=\"row-1346694607\">\n\n\n\t<div id=\"col-746072113\" class=\"col medium-6 small-12 large-7\"  >\n\t\t\t\t<div class=\"col-inner\"  >\n\t\t\t\n\t\t\t\n\n\n  <div class=\"banner has-hover\" id=\"banner-2042793227\">\n          <div class=\"banner-inner fill\">\n        <div class=\"banner-bg fill\" >\n            <div class=\"bg fill bg-fill \"><\/div>\n                                    \n                    <\/div>\n\t\t\n        <div class=\"banner-layers container\">\n            <div class=\"fill banner-link\"><\/div>            \n\n\n        <\/div>\n      <\/div>\n\n            \n<style>\n#banner-2042793227 {\n  padding-top: 99.99%;\n  background-color: rgba(0, 0, 0, 0);\n}\n#banner-2042793227 .bg.bg-loaded {\n  background-image: url(https:\/\/360insport.com\/wp-content\/uploads\/2023\/03\/kitesf1.jpg);\n}\n#banner-2042793227 .bg {\n  background-position: 100% 78%;\n}\n@media (min-width:550px) {\n  #banner-2042793227 {\n    padding-top: 150%;\n  }\n}\n@media (min-width:850px) {\n  #banner-2042793227 {\n    padding-top: 117%;\n  }\n}\n<\/style>\n  <\/div>\n\n\n\n\t\t<\/div>\n\t\t\t\t\t<\/div>\n\n\t\n\n\t<div id=\"col-1562570830\" class=\"col medium-6 small-12 large-5\"  >\n\t\t\t\t<div class=\"col-inner\"  >\n\t\t\t\n\t\t\t\n\n\n  <div class=\"banner has-hover\" id=\"banner-2056951692\">\n          <div class=\"banner-inner fill\">\n        <div class=\"banner-bg fill\" >\n            <div class=\"bg fill bg-fill \"><\/div>\n                                    \n                    <\/div>\n\t\t\n        <div class=\"banner-layers container\">\n            <div class=\"fill banner-link\"><\/div>            \n\n\n        <\/div>\n      <\/div>\n\n            \n<style>\n#banner-2056951692 {\n  padding-top: 60%;\n  background-color: rgba(0, 0, 0, 0);\n}\n#banner-2056951692 .bg.bg-loaded {\n  background-image: url(https:\/\/360insport.com\/wp-content\/uploads\/2023\/03\/0F0A7305.jpg);\n}\n@media (min-width:550px) {\n  #banner-2056951692 {\n    padding-top: 76%;\n  }\n}\n@media (min-width:850px) {\n  #banner-2056951692 {\n    padding-top: 87%;\n  }\n}\n<\/style>\n  <\/div>\n\n\n\n\t\t<\/div>\n\t\t\t\t\t<\/div>\n\n\t\n\n<\/div>\n<div class=\"row align-right\"  id=\"row-728587140\">\n\n\n\t<div id=\"col-1128490541\" class=\"col medium-7 small-12 large-7\"  >\n\t\t\t\t<div class=\"col-inner\"  >\n\t\t\t\n\t\t\t\n\n\n  <div class=\"banner has-hover\" id=\"banner-962673386\">\n          <div class=\"banner-inner fill\">\n        <div class=\"banner-bg fill\" >\n            <div class=\"bg fill bg-fill \"><\/div>\n                                    \n                    <\/div>\n\t\t\n        <div class=\"banner-layers container\">\n            <div class=\"fill banner-link\"><\/div>            \n\n\n        <\/div>\n      <\/div>\n\n            \n<style>\n#banner-962673386 {\n  padding-top: 60%;\n  background-color: rgba(0, 0, 0, 0);\n}\n#banner-962673386 .bg.bg-loaded {\n  background-image: url(https:\/\/360insport.com\/wp-content\/uploads\/2023\/03\/RetinaLogo-1024x768-1.webp);\n}\n@media (min-width:550px) {\n  #banner-962673386 {\n    padding-top: 75%;\n  }\n}\n<\/style>\n  <\/div>\n\n\n\n\t\t<\/div>\n\t\t\t\t\n<style>\n#col-1128490541 > .col-inner {\n  margin: 0 0px 0px 0px;\n}\n@media (min-width:550px) {\n  #col-1128490541 > .col-inner {\n    margin: -290px 0px 0px 0px;\n  }\n}\n@media (min-width:850px) {\n  #col-1128490541 > .col-inner {\n    margin: -165px 0px 0px 0px;\n  }\n}\n<\/style>\n\t<\/div>\n\n\t\n\n<\/div>\n\n\t\t<\/div>\n\t\t\t\t\t<\/div>\n\n\t\n\n\t<div id=\"col-165225756\" class=\"col medium-12 small-12 large-6\"  >\n\t\t\t\t<div class=\"col-inner\"  >\n\t\t\t\n\t\t\t\n\n\t<div id=\"text-892800151\" class=\"text\">\n\t\t\n\n<h2>KITE SURF Kurse am Comer See<\/h2>\n\t\t\n<style>\n#text-892800151 {\n  font-size: 1.3rem;\n}\n<\/style>\n\t<\/div>\n\t\n<p><strong>F\u00fcr <a href=\"https:\/\/it.wikipedia.org\/wiki\/Kitesurfing\">KITESURF<\/a>-Kurse ist die Schule von April bis Oktober ge\u00f6ffnet. T\u00e4glich. <\/strong><\/p>\n<p><strong>Zeitplan: abh\u00e4ngig vom Wind: in der Regel am sp\u00e4ten Vormittag f\u00fcr die Theorie und am fr\u00fchen Nachmittag f\u00fcr die Praxis. <\/strong><\/p>\n<p><strong>Wir w\u00fcrden unseren Sport gerne zu jeder Tageszeit aus\u00fcben, aber das ist nicht m\u00f6glich, da man die richtigen Windverh\u00e4ltnisse haben muss. Auf unserem <a href=\"https:\/\/www.google.com\/maps\/place\/23824+Dervio+LC\/@46.0812622,9.3075833,14z\/data=!3m1!4b1!4m6!3m5!1s0x478415ec807d277d:0x641f64b1fac27ee6!8m2!3d46.0763229!4d9.3074613!16zL20vMGdyM3Ft\">See<\/a> tritt diese Bedingung von April bis Oktober fast t\u00e4glich am Nachmittag auf. <\/strong><\/p>\n<p><strong>Die Kurse sind im Kalender geplant, k\u00f6nnen aber je nach Wetterlage variieren. Wenn ein Kurs wetterbedingt abgesagt wird, kann er sp\u00e4ter nachgeholt werden.<\/strong><\/p>\n<a href=\"https:\/\/360insport.com\/de\/kontakt\/\" class=\"button secondary\"  style=\"border-radius:5px;\">\n    <span>KONTAKTIEREN SIE UNS JETZT F\u00dcR WEITERE INFORMATIONEN<\/span>\n  <\/a>\n\n\n\n\t\t<\/div>\n\t\t\t\t\n<style>\n#col-165225756 > .col-inner {\n  padding: 0px 0 0px 0px;\n}\n@media (min-width:550px) {\n  #col-165225756 > .col-inner {\n    padding: 0px 10% 0px 0px;\n  }\n}\n@media (min-width:850px) {\n  #col-165225756 > .col-inner {\n    padding: 0px 0px 0px 15%;\n  }\n}\n<\/style>\n\t<\/div>\n\n\t\n\n<\/div>\n\n\t\t<\/div>\n\n\t\t\n<style>\n#section_1575280877 {\n  padding-top: 30px;\n  padding-bottom: 30px;\n}\n<\/style>\n\t<\/section>\n\t\n<span class=\"scroll-to\" data-label=\"Scroll to: #corso-base-kite\" data-bullet=\"true\" data-link=\"#corso-base-kite\" data-title=\"corso base kite\" ><a name=\"corso-base-kite\"><\/a><\/span>\n\n\t<section class=\"section\" id=\"section_1533928887\">\n\t\t<div class=\"bg section-bg fill bg-fill  bg-loaded\" >\n\n\t\t\t\n\t\t\t\n\t\t\t\n\n\t\t<\/div>\n\n\t\t\n\n\t\t<div class=\"section-content relative\">\n\t\t\t\n\n\t<div id=\"gap-760552389\" class=\"gap-element clearfix\" style=\"display:block; height:auto;\">\n\t\t\n<style>\n#gap-760552389 {\n  padding-top: 30px;\n}\n<\/style>\n\t<\/div>\n\t\n\n<div class=\"row\"  id=\"row-1527960596\">\n\n\n\t<div id=\"col-452026879\" class=\"col medium-4 small-12 large-4\"  >\n\t\t\t\t<div class=\"col-inner\"  >\n\t\t\t\n\t\t\t\n\n\t<div id=\"text-1066630443\" class=\"text\">\n\t\t\n\n<h2>Grundkurs KITESURF<\/h2>\n\t\t\n<style>\n#text-1066630443 {\n  font-size: 1.75rem;\n}\n<\/style>\n\t<\/div>\n\t\n\n\t\t<\/div>\n\t\t\t\t\t<\/div>\n\n\t\n\n\t<div id=\"col-731158801\" class=\"col medium-8 small-12 large-8\"  >\n\t\t\t\t<div class=\"col-inner\"  >\n\t\t\t\n\t\t\t\n\n<p><strong>F\u00fcr alle, die bei Null anfangen. Dauer 5 Stunden (2 Stunden Theorie und 3 Stunden Praxis). <\/strong><\/p>\n<p><strong>Der Grundkurs f\u00fcr Anf\u00e4nger ist auf 5 Stunden aufgebaut. Zwei Stunden bestehen aus Theorie und 3 Stunden aus Praxis. <\/strong><\/p>\n<p><strong>Die erste Stunde (in der Regel am sp\u00e4ten Vormittag) wird genutzt, um die grundlegende Theorie hinter dem Kiten und die Sicherheitsverfahren zu erkl\u00e4ren, die w\u00e4hrend des Unterrichts und im Allgemeinen beim Kitesurfen anzuwenden sind. <\/strong><\/p>\n<p><strong>Da der Zweck des Kurses darin besteht, Sie autonom zu machen, erkl\u00e4ren Sie zun\u00e4chst, wie Sie Ausr\u00fcstung, Windgrundlagen, Hindernisse, Sicherheitsverfahren und Nomenklatur bewaffnen. <\/strong><\/p>\n<p><strong>Am fr\u00fchen Nachmittag (sobald der Wind ausreicht) geht es dann zur ersten praktischen Stunde des Kurses \u00fcber, die darin besteht, den Drachen zu steuern. Dies kann an Land, mit dem Boot in der Mitte des Sees oder im Wasser zusammen mit einem Instruktor erfolgen. <\/strong><\/p>\n<p><strong>Dies ist die wichtigste Zeit, denn es ist wichtig, sich daran zu gew\u00f6hnen, den Kite richtig zu kontrollieren. Die n\u00e4chste Stunde besteht darin, den Kite selbst im Wasser zu steuern (Body Drag). <\/strong><\/p>\n<p><strong>In der Praxis wird man vom Kite ins Wasser gezogen, indem man eine ganze Reihe von \u00dcbungen durchf\u00fchrt, um die in der vorangegangenen Stunde erlernten Kontrolltechniken zu verfeinern. Die vierte Stunde ist theoretisch und beinhaltet das Unterrichten von Gangarten, Priorit\u00e4ten und Selbstrettungsverfahren. <\/strong><\/p>\n<p><strong>Die f\u00fcnfte und letzte Stunde ist wieder im Wasser, wo wir versuchen werden, die ersten Abfahrten mit dem Board zu machen.<\/strong><\/p>\n\n\t\t<\/div>\n\t\t\t\t\t<\/div>\n\n\t\n\n<\/div>\n\n\t\t<\/div>\n\n\t\t\n<style>\n#section_1533928887 {\n  padding-top: 30px;\n  padding-bottom: 30px;\n  background-color: rgb(251, 251, 251);\n}\n<\/style>\n\t<\/section>\n\t\n<div class=\"is-divider divider clearfix\" ><\/div>\n\n<span class=\"scroll-to\" data-label=\"Scroll to: #corso-intermedio-kite\" data-bullet=\"true\" data-link=\"#corso-intermedio-kite\" data-title=\"corso intermedio kite\" ><a name=\"corso-intermedio-kite\"><\/a><\/span>\n\n\t<section class=\"section\" id=\"section_203911755\">\n\t\t<div class=\"bg section-bg fill bg-fill  bg-loaded\" >\n\n\t\t\t\n\t\t\t\n\t\t\t\n\n\t\t<\/div>\n\n\t\t\n\n\t\t<div class=\"section-content relative\">\n\t\t\t\n\n\t<div id=\"gap-1913691427\" class=\"gap-element clearfix\" style=\"display:block; height:auto;\">\n\t\t\n<style>\n#gap-1913691427 {\n  padding-top: 30px;\n}\n<\/style>\n\t<\/div>\n\t\n\n<div class=\"row\"  id=\"row-134939888\">\n\n\n\t<div id=\"col-1042619091\" class=\"col medium-4 small-12 large-4\"  >\n\t\t\t\t<div class=\"col-inner\"  >\n\t\t\t\n\t\t\t\n\n\t<div id=\"text-3060917309\" class=\"text\">\n\t\t\n\n<h2>Mittelstufe<\/h2>\n\t\t\n<style>\n#text-3060917309 {\n  font-size: 1.75rem;\n}\n<\/style>\n\t<\/div>\n\t\n\n\t\t<\/div>\n\t\t\t\t\t<\/div>\n\n\t\n\n\t<div id=\"col-766083968\" class=\"col medium-8 small-12 large-8\"  >\n\t\t\t\t<div class=\"col-inner\"  >\n\t\t\t\n\t\t\t\n\n<p><strong>F\u00fcr diejenigen, die bereits wissen, wie es geht, und lernen m\u00f6chten, wie man springt oder die Technik perfektioniert.<\/strong><\/p>\n<p><strong> Dauer 3 Stunden (Praxis und Theorie nach Bedarf). <\/strong><\/p>\n<p><strong>Dieser Kurs widmet sich dem didaktischen Fortschritt f\u00fcr diejenigen, die bereits die Grund- und Mittelstufenkurse bei uns absolviert haben oder f\u00fcr diejenigen, die von anderen Schulen kommen und ihre Technik verbessern m\u00f6chten. Du lernst die ersten Entwicklungen auf dem Brett und gehst dich den ersten Spr\u00fcngen n\u00e4hern.ulla tavola e si approcceranno i primi salti.<\/strong><\/p>\n\n\t\t<\/div>\n\t\t\t\t\t<\/div>\n\n\t\n\n<\/div>\n\n\t\t<\/div>\n\n\t\t\n<style>\n#section_203911755 {\n  padding-top: 30px;\n  padding-bottom: 30px;\n  background-color: rgb(251, 251, 251);\n}\n<\/style>\n\t<\/section>\n\t\n<div class=\"is-divider divider clearfix\" ><\/div>\n\n<span class=\"scroll-to\" data-label=\"Scroll to: #corso-avanzato-kite\" data-bullet=\"true\" data-link=\"#corso-avanzato-kite\" data-title=\"corso avanzato kite\" ><a name=\"corso-avanzato-kite\"><\/a><\/span>\n\n\t<section class=\"section\" id=\"section_1819123364\">\n\t\t<div class=\"bg section-bg fill bg-fill  bg-loaded\" >\n\n\t\t\t\n\t\t\t\n\t\t\t\n\n\t\t<\/div>\n\n\t\t\n\n\t\t<div class=\"section-content relative\">\n\t\t\t\n\n\t<div id=\"gap-1471239768\" class=\"gap-element clearfix\" style=\"display:block; height:auto;\">\n\t\t\n<style>\n#gap-1471239768 {\n  padding-top: 30px;\n}\n<\/style>\n\t<\/div>\n\t\n\n<div class=\"row\"  id=\"row-1550944824\">\n\n\n\t<div id=\"col-628976053\" class=\"col medium-4 small-12 large-4\"  >\n\t\t\t\t<div class=\"col-inner\"  >\n\t\t\t\n\t\t\t\n\n\t<div id=\"text-3682127998\" class=\"text\">\n\t\t\n\n<h2>Werkstatt<\/h2>\n\t\t\n<style>\n#text-3682127998 {\n  font-size: 1.75rem;\n}\n<\/style>\n\t<\/div>\n\t\n\n\t\t<\/div>\n\t\t\t\t\t<\/div>\n\n\t\n\n\t<div id=\"col-1107163250\" class=\"col medium-8 small-12 large-8\"  >\n\t\t\t\t<div class=\"col-inner\"  >\n\t\t\t\n\t\t\t\n\n<p><strong>F\u00fcr diejenigen, die bereits die volle Kontrolle \u00fcber das Brett und den Fl\u00fcgel in den verschiedenen Gangarten und bei Man\u00f6vern haben.<\/strong><\/p>\n<p><strong>Dieser Kurs widmet sich dem didaktischen Fortschritt f\u00fcr diejenigen, die bereits die Grund- und Mittelstufenkurse bei uns absolviert haben oder f\u00fcr diejenigen, die von anderen Schulen kommen und ihre Technik verbessern m\u00f6chten. Du lernst die ersten Entwicklungen auf dem Brett und gehst dich den ersten Spr\u00fcngen n\u00e4hern.<\/strong><\/p>\n<p>&nbsp;<\/p>\n\n\t\t<\/div>\n\t\t\t\t\t<\/div>\n\n\t\n\n<\/div>\n\n\t\t<\/div>\n\n\t\t\n<style>\n#section_1819123364 {\n  padding-top: 30px;\n  padding-bottom: 30px;\n  background-color: rgb(251, 251, 251);\n}\n<\/style>\n\t<\/section>\n\t\n<div class=\"is-divider divider clearfix\" ><\/div>\n\n<span class=\"scroll-to\" data-label=\"Scroll to: #corso-kite-hydrofoil\" data-bullet=\"true\" data-link=\"#corso-kite-hydrofoil\" data-title=\"corso kite hydrofoil\" ><a name=\"corso-kite-hydrofoil\"><\/a><\/span>\n\n\t<section class=\"section\" id=\"section_1717785822\">\n\t\t<div class=\"bg section-bg fill bg-fill  bg-loaded\" >\n\n\t\t\t\n\t\t\t\n\t\t\t\n\n\t\t<\/div>\n\n\t\t\n\n\t\t<div class=\"section-content relative\">\n\t\t\t\n\n\t<div id=\"gap-1426943275\" class=\"gap-element clearfix\" style=\"display:block; height:auto;\">\n\t\t\n<style>\n#gap-1426943275 {\n  padding-top: 30px;\n}\n<\/style>\n\t<\/div>\n\t\n\n<div class=\"row\"  id=\"row-1631601617\">\n\n\n\t<div id=\"col-80581026\" class=\"col medium-4 small-12 large-4\"  >\n\t\t\t\t<div class=\"col-inner\"  >\n\t\t\t\n\t\t\t\n\n\t<div id=\"text-3005731062\" class=\"text\">\n\t\t\n\n<h2>Hydrofoil Kurs<\/h2>\n\t\t\n<style>\n#text-3005731062 {\n  font-size: 1.75rem;\n}\n<\/style>\n\t<\/div>\n\t\n\n\t\t<\/div>\n\t\t\t\t\t<\/div>\n\n\t\n\n\t<div id=\"col-324171859\" class=\"col medium-8 small-12 large-8\"  >\n\t\t\t\t<div class=\"col-inner\"  >\n\t\t\t\n\t\t\t\n\n<p><strong>F\u00fcr alle, die bereits wissen, wie man gut im Kitesurfen geht und sich der Spezialit\u00e4t des Hydrofoils widmen wollen. <\/strong><\/p>\n<p><strong>Dauer 1 Stunde oder Paket von 4 Stunden. <\/strong><\/p>\n<p><strong>Der Kurs besteht aus einer kurzen Theorie \u00fcber die Technik des Foils und dann sofort im Wasser, um diese fantastische Spezialit\u00e4t zu erleben.<\/strong><\/p>\n\n\t\t<\/div>\n\t\t\t\t\t<\/div>\n\n\t\n\n<\/div>\n\n\t\t<\/div>\n\n\t\t\n<style>\n#section_1717785822 {\n  padding-top: 30px;\n  padding-bottom: 30px;\n  background-color: rgb(251, 251, 251);\n}\n<\/style>\n\t<\/section>\n\t\n<div class=\"is-divider divider clearfix\" ><\/div>\n\n<span class=\"scroll-to\" data-label=\"Scroll to: #corso-kite-surfino-strapless\" data-bullet=\"true\" data-link=\"#corso-kite-surfino-strapless\" data-title=\"corso kite Surfino Strapless\" ><a name=\"corso-kite-surfino-strapless\"><\/a><\/span>\n\n\t<section class=\"section\" id=\"section_891544550\">\n\t\t<div class=\"bg section-bg fill bg-fill  bg-loaded\" >\n\n\t\t\t\n\t\t\t\n\t\t\t\n\n\t\t<\/div>\n\n\t\t\n\n\t\t<div class=\"section-content relative\">\n\t\t\t\n\n\t<div id=\"gap-174771757\" class=\"gap-element clearfix\" style=\"display:block; height:auto;\">\n\t\t\n<style>\n#gap-174771757 {\n  padding-top: 30px;\n}\n<\/style>\n\t<\/div>\n\t\n\n<div class=\"row\"  id=\"row-853923234\">\n\n\n\t<div id=\"col-323248121\" class=\"col medium-4 small-12 large-4\"  >\n\t\t\t\t<div class=\"col-inner\"  >\n\t\t\t\n\t\t\t\n\n\t<div id=\"text-2544159433\" class=\"text\">\n\t\t\n\n<h2>Strapless Kurs<\/h2>\n\t\t\n<style>\n#text-2544159433 {\n  font-size: 1.75rem;\n}\n<\/style>\n\t<\/div>\n\t\n\n\t\t<\/div>\n\t\t\t\t\t<\/div>\n\n\t\n\n\t<div id=\"col-258697265\" class=\"col medium-8 small-12 large-8\"  >\n\t\t\t\t<div class=\"col-inner\"  >\n\t\t\t\n\t\t\t\n\n<p><strong>F\u00fcr diejenigen, die sich mit dem Twintip langweilen und davon tr\u00e4umen, auf den Wellen zu surfen. <\/strong><\/p>\n<p><strong>Dauer 1 Stunde oder Paket von 4 Stunden) <\/strong><\/p>\n<p><strong>Wenn Sie es satt haben, mit dem bidirektionalen Brett zu springen, oder wenn Ihre Zukunft darin besteht, auf den Wellen eines Ozeans zu surfen, k\u00f6nnen Sie sich diesem Kurs widmen, der mit einer kurzen Theorie die Unterschiede zwischen Surf und Twintip erkl\u00e4rt, und dann werden Sie diese neue Erfahrung sofort im Wasser ausprobieren.<\/strong><\/p>\n\n\t\t<\/div>\n\t\t\t\t\t<\/div>\n\n\t\n\n<\/div>\n\n\t\t<\/div>\n\n\t\t\n<style>\n#section_891544550 {\n  padding-top: 30px;\n  padding-bottom: 30px;\n  background-color: rgb(251, 251, 251);\n}\n<\/style>\n\t<\/section>\n\t\n<div class=\"is-divider divider clearfix\" ><\/div>\n\n<span class=\"scroll-to\" data-label=\"Scroll to: #corso-kite-personalizzato\" data-bullet=\"true\" data-link=\"#corso-kite-personalizzato\" data-title=\"corso kite personalizzato\" ><a name=\"corso-kite-personalizzato\"><\/a><\/span>\n\n\t<section class=\"section\" id=\"section_1512387837\">\n\t\t<div class=\"bg section-bg fill bg-fill  bg-loaded\" >\n\n\t\t\t\n\t\t\t\n\t\t\t\n\n\t\t<\/div>\n\n\t\t\n\n\t\t<div class=\"section-content relative\">\n\t\t\t\n\n\t<div id=\"gap-1759148594\" class=\"gap-element clearfix\" style=\"display:block; height:auto;\">\n\t\t\n<style>\n#gap-1759148594 {\n  padding-top: 30px;\n}\n<\/style>\n\t<\/div>\n\t\n\n<div class=\"row\"  id=\"row-2017960163\">\n\n\n\t<div id=\"col-484281780\" class=\"col medium-4 small-12 large-4\"  >\n\t\t\t\t<div class=\"col-inner\"  >\n\t\t\t\n\t\t\t\n\n\t<div id=\"text-393507044\" class=\"text\">\n\t\t\n\n<h2>Personalisierter Kite-Kurs<\/h2>\n\t\t\n<style>\n#text-393507044 {\n  font-size: 1.75rem;\n}\n<\/style>\n\t<\/div>\n\t\n\n\t\t<\/div>\n\t\t\t\t\t<\/div>\n\n\t\n\n\t<div id=\"col-1968204638\" class=\"col medium-8 small-12 large-8\"  >\n\t\t\t\t<div class=\"col-inner\"  >\n\t\t\t\n\t\t\t\n\n<p><strong>Geeignet f\u00fcr diejenigen, die im Freestyle, mit Surfino oder Hydrofoil Fortschritte machen m\u00f6chten.<\/strong><\/p>\n<p><strong> Dauer 1 Stunde oder Paket von 4 Stunden<\/strong><\/p>\n<p><strong>Dieser Kurs ist vollst\u00e4ndig personalisiert und zielt darauf ab, das Ziel zu erreichen, das sich der Sch\u00fcler selbst setzt.<\/strong><\/p>\n\n\t\t<\/div>\n\t\t\t\t\t<\/div>\n\n\t\n\n<\/div>\n\n\t\t<\/div>\n\n\t\t\n<style>\n#section_1512387837 {\n  padding-top: 30px;\n  padding-bottom: 30px;\n  background-color: rgb(251, 251, 251);\n}\n<\/style>\n\t<\/section>\n\t\n\t<div id=\"gap-335853213\" class=\"gap-element clearfix\" style=\"display:block; height:auto;\">\n\t\t\n<style>\n#gap-335853213 {\n  padding-top: 30px;\n}\n<\/style>\n\t<\/div>\n\t\n\n\t<section class=\"section dark\" id=\"section_1308268391\">\n\t\t<div class=\"bg section-bg fill bg-fill  \" >\n\n\t\t\t\n\t\t\t<div class=\"section-bg-overlay absolute fill\"><\/div>\n\t\t\t\n\n\t\t<\/div>\n\n\t\t\n\n\t\t<div class=\"section-content relative\">\n\t\t\t\n\n\t<div id=\"gap-124113611\" class=\"gap-element clearfix\" style=\"display:block; height:auto;\">\n\t\t\n<style>\n#gap-124113611 {\n  padding-top: 50px;\n}\n<\/style>\n\t<\/div>\n\t\n\n<div class=\"row align-center\"  id=\"row-2105022350\">\n\n\n\t<div id=\"col-987669191\" class=\"col medium-9 small-12 large-6\"  >\n\t\t\t\t<div class=\"col-inner text-center\"  >\n\t\t\t\n\t\t\t\n\n<h6>360 INSPORT Wassersport am Comer See<\/h6>\n\t<div id=\"text-4252104645\" class=\"text\">\n\t\t\n\n<h2>Beginnen Sie mit einer Probestunde<\/h2>\n\t\t\n<style>\n#text-4252104645 {\n  font-size: 2rem;\n}\n<\/style>\n\t<\/div>\n\t\n<a href=\"https:\/\/360insport.com\/de\/kontakt\/\" class=\"button primary\"  >\n    <span>KONTAKTIEREN SIE UNS JETZT<\/span>\n  <\/a>\n\n\n\n\t\t<\/div>\n\t\t\t\t\t<\/div>\n\n\t\n\n<\/div>\n\n\t\t<\/div>\n\n\t\t\n<style>\n#section_1308268391 {\n  padding-top: 30px;\n  padding-bottom: 30px;\n  min-height: 400px;\n}\n#section_1308268391 .section-bg-overlay {\n  background-color: rgba(0, 0, 0, 0.3);\n}\n#section_1308268391 .section-bg.bg-loaded {\n  background-image: url(https:\/\/360insport.com\/wp-content\/uploads\/2023\/03\/DuotoneFoil.webp);\n}\n#section_1308268391 .section-bg {\n  background-position: 64% 37%;\n}\n@media (min-width:550px) {\n  #section_1308268391 {\n    min-height: 500px;\n  }\n}\n<\/style>\n\t<\/section>\n\t\n\n","protected":false},"excerpt":{"rendered":"","protected":false},"author":1,"featured_media":0,"parent":0,"menu_order":0,"comment_status":"closed","ping_status":"closed","template":"","meta":{"footnotes":""},"class_list":["post-466","page","type-page","status-publish","hentry"],"aioseo_notices":[],"_links":{"self":[{"href":"https:\/\/360insport.com\/de\/wp-json\/wp\/v2\/pages\/466","targetHints":{"allow":["GET"]}}],"collection":[{"href":"https:\/\/360insport.com\/de\/wp-json\/wp\/v2\/pages"}],"about":[{"href":"https:\/\/360insport.com\/de\/wp-json\/wp\/v2\/types\/page"}],"author":[{"embeddable":true,"href":"https:\/\/360insport.com\/de\/wp-json\/wp\/v2\/users\/1"}],"replies":[{"embeddable":true,"href":"https:\/\/360insport.com\/de\/wp-json\/wp\/v2\/comments?post=466"}],"version-history":[{"count":1,"href":"https:\/\/360insport.com\/de\/wp-json\/wp\/v2\/pages\/466\/revisions"}],"predecessor-version":[{"id":467,"href":"https:\/\/360insport.com\/de\/wp-json\/wp\/v2\/pages\/466\/revisions\/467"}],"wp:attachment":[{"href":"https:\/\/360insport.com\/de\/wp-json\/wp\/v2\/media?parent=466"}],"curies":[{"name":"wp","href":"https:\/\/api.w.org\/{rel}","templated":true}]}}