{"id":468,"date":"2023-03-27T12:46:05","date_gmt":"2023-03-27T11:46:05","guid":{"rendered":"https:\/\/360insport.com\/unsere-sup-kurse-am-comer-see\/"},"modified":"2023-05-14T13:11:38","modified_gmt":"2023-05-14T12:11:38","slug":"unsere-sup-kurse-am-comer-see","status":"publish","type":"page","link":"https:\/\/360insport.com\/de\/unsere-sup-kurse-am-comer-see\/","title":{"rendered":"Unsere SUP Kurse am Comer See"},"content":{"rendered":"\n\t<section class=\"section\" id=\"section_1845085338\">\n\t\t<div class=\"bg section-bg fill bg-fill  bg-loaded\" >\n\n\t\t\t\n\t\t\t\n\t\t\t\n\n\t\t<\/div>\n\n\t\t\n\n\t\t<div class=\"section-content relative\">\n\t\t\t\n\n\t<div id=\"gap-759885367\" class=\"gap-element clearfix\" style=\"display:block; height:auto;\">\n\t\t\n<style>\n#gap-759885367 {\n  padding-top: 30px;\n}\n<\/style>\n\t<\/div>\n\t\n\n<div class=\"row align-middle align-center\"  id=\"row-1077993359\">\n\n\n\t<div id=\"col-663501659\" class=\"col medium-12 small-12 large-6\"  >\n\t\t\t\t<div class=\"col-inner\"  >\n\t\t\t\n\t\t\t\n\n<div class=\"row\"  id=\"row-1894781002\">\n\n\n\t<div id=\"col-946917675\" class=\"col medium-6 small-12 large-7\"  >\n\t\t\t\t<div class=\"col-inner\"  >\n\t\t\t\n\t\t\t\n\n\n  <div class=\"banner has-hover\" id=\"banner-518623042\">\n          <div class=\"banner-inner fill\">\n        <div class=\"banner-bg fill\" >\n            <div class=\"bg fill bg-fill \"><\/div>\n                                    \n                    <\/div>\n\t\t\n        <div class=\"banner-layers container\">\n            <div class=\"fill banner-link\"><\/div>            \n\n\n        <\/div>\n      <\/div>\n\n            \n<style>\n#banner-518623042 {\n  padding-top: 99.99%;\n  background-color: rgba(0, 0, 0, 0);\n}\n#banner-518623042 .bg.bg-loaded {\n  background-image: url(https:\/\/360insport.com\/wp-content\/uploads\/2023\/03\/supp.jpg);\n}\n@media (min-width:550px) {\n  #banner-518623042 {\n    padding-top: 150%;\n  }\n}\n@media (min-width:850px) {\n  #banner-518623042 {\n    padding-top: 117%;\n  }\n}\n<\/style>\n  <\/div>\n\n\n\n\t\t<\/div>\n\t\t\t\t\t<\/div>\n\n\t\n\n\t<div id=\"col-979763858\" class=\"col medium-6 small-12 large-5\"  >\n\t\t\t\t<div class=\"col-inner\"  >\n\t\t\t\n\t\t\t\n\n\n  <div class=\"banner has-hover\" id=\"banner-1675708239\">\n          <div class=\"banner-inner fill\">\n        <div class=\"banner-bg fill\" >\n            <div class=\"bg fill bg-fill \"><\/div>\n                                    \n                    <\/div>\n\t\t\n        <div class=\"banner-layers container\">\n            <div class=\"fill banner-link\"><\/div>            \n\n\n        <\/div>\n      <\/div>\n\n            \n<style>\n#banner-1675708239 {\n  padding-top: 60%;\n  background-color: rgba(0, 0, 0, 0);\n}\n#banner-1675708239 .bg.bg-loaded {\n  background-image: url(https:\/\/360insport.com\/wp-content\/uploads\/2023\/03\/RetinaLogo-1024x768-1.webp);\n}\n@media (min-width:550px) {\n  #banner-1675708239 {\n    padding-top: 76%;\n  }\n}\n@media (min-width:850px) {\n  #banner-1675708239 {\n    padding-top: 87%;\n  }\n}\n<\/style>\n  <\/div>\n\n\n\n\t\t<\/div>\n\t\t\t\t\t<\/div>\n\n\t\n\n<\/div>\n<div class=\"row align-right\"  id=\"row-1477398046\">\n\n\n\t<div id=\"col-50416788\" class=\"col medium-7 small-12 large-7\"  >\n\t\t\t\t<div class=\"col-inner\"  >\n\t\t\t\n\t\t\t\n\n\n  <div class=\"banner has-hover\" id=\"banner-1398997209\">\n          <div class=\"banner-inner fill\">\n        <div class=\"banner-bg fill\" >\n            <div class=\"bg fill bg-fill \"><\/div>\n                                    \n                    <\/div>\n\t\t\n        <div class=\"banner-layers container\">\n            <div class=\"fill banner-link\"><\/div>            \n\n\n        <\/div>\n      <\/div>\n\n            \n<style>\n#banner-1398997209 {\n  padding-top: 60%;\n  background-color: rgba(0, 0, 0, 0);\n}\n#banner-1398997209 .bg.bg-loaded {\n  background-image: url(https:\/\/360insport.com\/wp-content\/uploads\/2023\/03\/sup3.jpg);\n}\n@media (min-width:550px) {\n  #banner-1398997209 {\n    padding-top: 75%;\n  }\n}\n<\/style>\n  <\/div>\n\n\n\n\t\t<\/div>\n\t\t\t\t\n<style>\n#col-50416788 > .col-inner {\n  margin: 0 0px 0px 0px;\n}\n@media (min-width:550px) {\n  #col-50416788 > .col-inner {\n    margin: -290px 0px 0px 0px;\n  }\n}\n@media (min-width:850px) {\n  #col-50416788 > .col-inner {\n    margin: -165px 0px 0px 0px;\n  }\n}\n<\/style>\n\t<\/div>\n\n\t\n\n<\/div>\n\n\t\t<\/div>\n\t\t\t\t\t<\/div>\n\n\t\n\n\t<div id=\"col-1588478340\" class=\"col medium-12 small-12 large-6\"  >\n\t\t\t\t<div class=\"col-inner\"  >\n\t\t\t\n\t\t\t\n\n\t<div id=\"text-233605582\" class=\"text\">\n\t\t\n\n<h2>SUP Kurse am Comer See<\/h2>\n\t\t\n<style>\n#text-233605582 {\n  font-size: 1.3rem;\n}\n<\/style>\n\t<\/div>\n\t\n<p><strong>F\u00fcr die <a href=\"https:\/\/it.wikipedia.org\/wiki\/Stand_up_paddle\">Stand Up Padding Kurse<\/a> (SUP) am Comer See ist die Schule von April bis Oktober ge\u00f6ffnet. T\u00e4glich. <\/strong><\/p>\n<p><strong>Zeitplan: in der Regel morgens und auf jeden Fall, wenn es nicht zu viel Wind gibt und die Seebedingungen ruhig sind.<br><\/strong><\/p>\n<p><strong>Wir w\u00fcrden unseren Sport gerne zu jeder Tageszeit aus\u00fcben, aber das ist nicht m\u00f6glich, weil man ziemlich flaches Wasser haben muss. An unserem <a href=\"https:\/\/www.google.com\/maps\/place\/360+In+Sport+Kitesurf+School\/@46.0690713,9.3032526,17z\/data=!3m1!4b1!4m6!3m5!1s0x4784156590ba37bd:0x6915a5d372132487!8m2!3d46.0690676!4d9.3054413!16s%2Fg%2F11fq_z4fjs\">See<\/a> tritt dieser Zustand normalerweise morgens von April bis Oktober auf. <\/strong><\/p>\n<p><strong>Die Kurse sind im Kalender geplant, k\u00f6nnen aber je nach Wetterlage variieren. Wenn eine Lektion wetterbedingt abgesagt wird, kann sie sp\u00e4ter nachgeholt werden.<\/strong><\/p>\n<a href=\"https:\/\/360insport.com\/de\/kontakt\/\" class=\"button secondary\"  style=\"border-radius:5px;\">\n    <span>KONTAKTIEREN SIE UNS JETZT F\u00dcR WEITERE INFORMATIONEN<\/span>\n  <\/a>\n\n\n\n\t\t<\/div>\n\t\t\t\t\n<style>\n#col-1588478340 > .col-inner {\n  padding: 0px 0 0px 0px;\n}\n@media (min-width:550px) {\n  #col-1588478340 > .col-inner {\n    padding: 0px 10% 0px 0px;\n  }\n}\n@media (min-width:850px) {\n  #col-1588478340 > .col-inner {\n    padding: 0px 0px 0px 15%;\n  }\n}\n<\/style>\n\t<\/div>\n\n\t\n\n<\/div>\n\n\t\t<\/div>\n\n\t\t\n<style>\n#section_1845085338 {\n  padding-top: 30px;\n  padding-bottom: 30px;\n}\n<\/style>\n\t<\/section>\n\t\n<span class=\"scroll-to\" data-label=\"Scroll to: #corso-base-sup\" data-bullet=\"true\" data-link=\"#corso-base-sup\" data-title=\"corso base sup\" ><a name=\"corso-base-sup\"><\/a><\/span>\n\n\t<section class=\"section\" id=\"section_355813472\">\n\t\t<div class=\"bg section-bg fill bg-fill  bg-loaded\" >\n\n\t\t\t\n\t\t\t\n\t\t\t\n\n\t\t<\/div>\n\n\t\t\n\n\t\t<div class=\"section-content relative\">\n\t\t\t\n\n\t<div id=\"gap-236622499\" class=\"gap-element clearfix\" style=\"display:block; height:auto;\">\n\t\t\n<style>\n#gap-236622499 {\n  padding-top: 30px;\n}\n<\/style>\n\t<\/div>\n\t\n\n<div class=\"row\"  id=\"row-1202553478\">\n\n\n\t<div id=\"col-282409206\" class=\"col medium-4 small-12 large-4\"  >\n\t\t\t\t<div class=\"col-inner\"  >\n\t\t\t\n\t\t\t\n\n\t<div id=\"text-4007164258\" class=\"text\">\n\t\t\n\n<h2>Grundkurs SUP<\/h2>\n\t\t\n<style>\n#text-4007164258 {\n  font-size: 1.75rem;\n}\n<\/style>\n\t<\/div>\n\t\n\n\t\t<\/div>\n\t\t\t\t\t<\/div>\n\n\t\n\n\t<div id=\"col-1791974150\" class=\"col medium-8 small-12 large-8\"  >\n\t\t\t\t<div class=\"col-inner\"  >\n\t\t\t\n\t\t\t\n\n<p><strong>F\u00fcr alle, die bei Null anfangen.<\/strong><\/p>\n<p><strong>Dauer 1 Stunde<\/strong><\/p>\n<p><strong>Die Themen, die behandelt werden, reichen von der Kenntnis der Materialien, \u00fcber die Sicherheit, die richtige Paddeltechnik, bis hin zur Entwicklung des Gleichgewichts.<\/strong><\/p>\n<p><strong>Wir werden \u00fcber die verschiedenen Arten von Disziplinen sprechen, die mit der Welt des SUP verbunden sind, die verschiedenen Arten von verf\u00fcgbaren Boards und Paddeln, die richtige Verwendung und Wartung von Materialien, um ihre Integrit\u00e4t im Laufe der Zeit zu bewahren.<\/strong><\/p>\n<p><strong>Wir werden dann zum richtigen Einsatz des Paddels \u00fcbergehen, mit Blick auf die richtigen Rudertechniken &nbsp;f\u00fcr eine sichere und autonome Leitung im Flachwasser (FW). Zu guter Letzt werden wir uns mit der Sicherheit bei Ausfl\u00fcgen an Bord eines Boards befassen.<\/strong><\/p>\n\n\t\t<\/div>\n\t\t\t\t\t<\/div>\n\n\t\n\n<\/div>\n\n\t\t<\/div>\n\n\t\t\n<style>\n#section_355813472 {\n  padding-top: 30px;\n  padding-bottom: 30px;\n  background-color: rgb(251, 251, 251);\n}\n<\/style>\n\t<\/section>\n\t\n<div class=\"is-divider divider clearfix\" ><\/div>\n\n<span class=\"scroll-to\" data-label=\"Scroll to: #corso-avanzato-sup\" data-bullet=\"true\" data-link=\"#corso-avanzato-sup\" data-title=\"corso avanzato sup\" ><a name=\"corso-avanzato-sup\"><\/a><\/span>\n\n\t<section class=\"section\" id=\"section_965176933\">\n\t\t<div class=\"bg section-bg fill bg-fill  bg-loaded\" >\n\n\t\t\t\n\t\t\t\n\t\t\t\n\n\t\t<\/div>\n\n\t\t\n\n\t\t<div class=\"section-content relative\">\n\t\t\t\n\n\t<div id=\"gap-2098502967\" class=\"gap-element clearfix\" style=\"display:block; height:auto;\">\n\t\t\n<style>\n#gap-2098502967 {\n  padding-top: 30px;\n}\n<\/style>\n\t<\/div>\n\t\n\n<div class=\"row\"  id=\"row-1321987528\">\n\n\n\t<div id=\"col-1671493279\" class=\"col medium-4 small-12 large-4\"  >\n\t\t\t\t<div class=\"col-inner\"  >\n\t\t\t\n\t\t\t\n\n\t<div id=\"text-3669008690\" class=\"text\">\n\t\t\n\n<h2>Werkstatt<\/h2>\n\t\t\n<style>\n#text-3669008690 {\n  font-size: 1.75rem;\n}\n<\/style>\n\t<\/div>\n\t\n\n\t\t<\/div>\n\t\t\t\t\t<\/div>\n\n\t\n\n\t<div id=\"col-413093325\" class=\"col medium-8 small-12 large-8\"  >\n\t\t\t\t<div class=\"col-inner\"  >\n\t\t\t\n\t\t\t\n\n<p><strong>F\u00fcr alle, die sich bereits mit SUP auskennen und die Technik perfektionieren wollen. Dauer 1 Stunde<\/strong><\/p>\n<p><a href=\"https:\/\/360insport.com\/de\/kontakt\/\">Kontaktieren Sie uns f\u00fcr Reservierungen und weitere Informationen<\/a><\/p>\n\n\t\t<\/div>\n\t\t\t\t\t<\/div>\n\n\t\n\n<\/div>\n\n\t\t<\/div>\n\n\t\t\n<style>\n#section_965176933 {\n  padding-top: 30px;\n  padding-bottom: 30px;\n  background-color: rgb(251, 251, 251);\n}\n<\/style>\n\t<\/section>\n\t\n\t<section class=\"section dark\" id=\"section_573541865\">\n\t\t<div class=\"bg section-bg fill bg-fill  \" >\n\n\t\t\t\t<div class=\"video-overlay no-click fill\"><\/div>\n\t<div id=\"ytplayer-975\" class=\"ux-youtube fill object-fit hide-for-medium\" data-videoid=\"81dDa86Yoyg\" data-loop=\"1\" data-audio=\"0\"><\/div>\n\n\t\t\t<div class=\"section-bg-overlay absolute fill\"><\/div>\n\t\t\t\n\n\t\t<\/div>\n\n\t\t\n\n\t\t<div class=\"section-content relative\">\n\t\t\t\n\n\t<div id=\"gap-1965098958\" class=\"gap-element clearfix\" style=\"display:block; height:auto;\">\n\t\t\n<style>\n#gap-1965098958 {\n  padding-top: 50px;\n}\n<\/style>\n\t<\/div>\n\t\n\n<div class=\"row align-center\"  id=\"row-212400184\">\n\n\n\t<div id=\"col-867194899\" class=\"col medium-9 small-12 large-6\"  >\n\t\t\t\t<div class=\"col-inner text-center\"  >\n\t\t\t\n\t\t\t\n\n<h6>360 INSPORT Wassersport am Comer See<\/h6>\n\t<div id=\"text-506728163\" class=\"text\">\n\t\t\n\n<h2>Beginnen Sie mit einer Probestunde<\/h2>\n\t\t\n<style>\n#text-506728163 {\n  font-size: 2rem;\n}\n<\/style>\n\t<\/div>\n\t\n<a href=\"https:\/\/360insport.com\/de\/kontakt\/\" class=\"button primary\"  >\n    <span>KONTAKTIEREN SIE UNS JETZT<\/span>\n  <\/a>\n\n\n\n\t\t<\/div>\n\t\t\t\t\t<\/div>\n\n\t\n\n<\/div>\n\n\t\t<\/div>\n\n\t\t\n<style>\n#section_573541865 {\n  padding-top: 30px;\n  padding-bottom: 30px;\n  min-height: 400px;\n}\n#section_573541865 .section-bg-overlay {\n  background-color: rgba(0, 0, 0, 0.3);\n}\n#section_573541865 .section-bg.bg-loaded {\n  background-image: url(https:\/\/360insport.com\/wp-content\/uploads\/2023\/03\/grace-ho-wXbE5KDv18o-unsplash.jpg);\n}\n#section_573541865 .section-bg {\n  background-position: 64% 37%;\n}\n@media (min-width:550px) {\n  #section_573541865 {\n    min-height: 500px;\n  }\n}\n<\/style>\n\t<\/section>\n\t\n\n","protected":false},"excerpt":{"rendered":"","protected":false},"author":1,"featured_media":0,"parent":0,"menu_order":0,"comment_status":"closed","ping_status":"closed","template":"","meta":{"footnotes":""},"class_list":["post-468","page","type-page","status-publish","hentry"],"aioseo_notices":[],"_links":{"self":[{"href":"https:\/\/360insport.com\/de\/wp-json\/wp\/v2\/pages\/468","targetHints":{"allow":["GET"]}}],"collection":[{"href":"https:\/\/360insport.com\/de\/wp-json\/wp\/v2\/pages"}],"about":[{"href":"https:\/\/360insport.com\/de\/wp-json\/wp\/v2\/types\/page"}],"author":[{"embeddable":true,"href":"https:\/\/360insport.com\/de\/wp-json\/wp\/v2\/users\/1"}],"replies":[{"embeddable":true,"href":"https:\/\/360insport.com\/de\/wp-json\/wp\/v2\/comments?post=468"}],"version-history":[{"count":1,"href":"https:\/\/360insport.com\/de\/wp-json\/wp\/v2\/pages\/468\/revisions"}],"predecessor-version":[{"id":469,"href":"https:\/\/360insport.com\/de\/wp-json\/wp\/v2\/pages\/468\/revisions\/469"}],"wp:attachment":[{"href":"https:\/\/360insport.com\/de\/wp-json\/wp\/v2\/media?parent=468"}],"curies":[{"name":"wp","href":"https:\/\/api.w.org\/{rel}","templated":true}]}}