{"id":470,"date":"2023-03-27T09:30:37","date_gmt":"2023-03-27T08:30:37","guid":{"rendered":"https:\/\/360insport.com\/unsere-wing-kurse-am-comer-see\/"},"modified":"2023-05-14T13:16:47","modified_gmt":"2023-05-14T12:16:47","slug":"unsere-wing-kurse-am-comer-see","status":"publish","type":"page","link":"https:\/\/360insport.com\/de\/unsere-wing-kurse-am-comer-see\/","title":{"rendered":"Unsere WING-Kurse am Comer See"},"content":{"rendered":"\n\t<section class=\"section\" id=\"section_1069504253\">\n\t\t<div class=\"bg section-bg fill bg-fill  bg-loaded\" >\n\n\t\t\t\n\t\t\t\n\t\t\t\n\n\t\t<\/div>\n\n\t\t\n\n\t\t<div class=\"section-content relative\">\n\t\t\t\n\n\t<div id=\"gap-2030695283\" class=\"gap-element clearfix\" style=\"display:block; height:auto;\">\n\t\t\n<style>\n#gap-2030695283 {\n  padding-top: 30px;\n}\n<\/style>\n\t<\/div>\n\t\n\n<div class=\"row align-middle align-center\"  id=\"row-1038634057\">\n\n\n\t<div id=\"col-1048825119\" class=\"col medium-12 small-12 large-6\"  >\n\t\t\t\t<div class=\"col-inner\"  >\n\t\t\t\n\t\t\t\n\n<div class=\"row\"  id=\"row-2040380748\">\n\n\n\t<div id=\"col-708936796\" class=\"col medium-6 small-12 large-7\"  >\n\t\t\t\t<div class=\"col-inner\"  >\n\t\t\t\n\t\t\t\n\n\n  <div class=\"banner has-hover\" id=\"banner-2026996117\">\n          <div class=\"banner-inner fill\">\n        <div class=\"banner-bg fill\" >\n            <div class=\"bg fill bg-fill \"><\/div>\n                                    \n                    <\/div>\n\t\t\n        <div class=\"banner-layers container\">\n            <div class=\"fill banner-link\"><\/div>            \n\n\n        <\/div>\n      <\/div>\n\n            \n<style>\n#banner-2026996117 {\n  padding-top: 99.99%;\n  background-color: rgba(0, 0, 0, 0);\n}\n#banner-2026996117 .bg.bg-loaded {\n  background-image: url(https:\/\/360insport.com\/wp-content\/uploads\/2023\/03\/wing1.jpg);\n}\n@media (min-width:550px) {\n  #banner-2026996117 {\n    padding-top: 150%;\n  }\n}\n@media (min-width:850px) {\n  #banner-2026996117 {\n    padding-top: 117%;\n  }\n}\n<\/style>\n  <\/div>\n\n\n\n\t\t<\/div>\n\t\t\t\t\t<\/div>\n\n\t\n\n\t<div id=\"col-498485534\" class=\"col medium-6 small-12 large-5\"  >\n\t\t\t\t<div class=\"col-inner\"  >\n\t\t\t\n\t\t\t\n\n\n  <div class=\"banner has-hover\" id=\"banner-827461785\">\n          <div class=\"banner-inner fill\">\n        <div class=\"banner-bg fill\" >\n            <div class=\"bg fill bg-fill \"><\/div>\n                                    \n                    <\/div>\n\t\t\n        <div class=\"banner-layers container\">\n            <div class=\"fill banner-link\"><\/div>            \n\n\n        <\/div>\n      <\/div>\n\n            \n<style>\n#banner-827461785 {\n  padding-top: 60%;\n  background-color: rgba(0, 0, 0, 0);\n}\n#banner-827461785 .bg.bg-loaded {\n  background-image: url(https:\/\/360insport.com\/wp-content\/uploads\/2023\/03\/wing3.jpg);\n}\n@media (min-width:550px) {\n  #banner-827461785 {\n    padding-top: 76%;\n  }\n}\n@media (min-width:850px) {\n  #banner-827461785 {\n    padding-top: 87%;\n  }\n}\n<\/style>\n  <\/div>\n\n\n\n\t\t<\/div>\n\t\t\t\t\t<\/div>\n\n\t\n\n<\/div>\n<div class=\"row align-right\"  id=\"row-447780665\">\n\n\n\t<div id=\"col-182790860\" class=\"col medium-7 small-12 large-7\"  >\n\t\t\t\t<div class=\"col-inner\"  >\n\t\t\t\n\t\t\t\n\n\n  <div class=\"banner has-hover\" id=\"banner-1107423566\">\n          <div class=\"banner-inner fill\">\n        <div class=\"banner-bg fill\" >\n            <div class=\"bg fill bg-fill \"><\/div>\n                                    \n                    <\/div>\n\t\t\n        <div class=\"banner-layers container\">\n            <div class=\"fill banner-link\"><\/div>            \n\n\n        <\/div>\n      <\/div>\n\n            \n<style>\n#banner-1107423566 {\n  padding-top: 60%;\n  background-color: rgba(0, 0, 0, 0);\n}\n#banner-1107423566 .bg.bg-loaded {\n  background-image: url(https:\/\/360insport.com\/wp-content\/uploads\/2023\/03\/RetinaLogo-1024x768-1.webp);\n}\n@media (min-width:550px) {\n  #banner-1107423566 {\n    padding-top: 75%;\n  }\n}\n<\/style>\n  <\/div>\n\n\n\n\t\t<\/div>\n\t\t\t\t\n<style>\n#col-182790860 > .col-inner {\n  margin: 0 0px 0px 0px;\n}\n@media (min-width:550px) {\n  #col-182790860 > .col-inner {\n    margin: -290px 0px 0px 0px;\n  }\n}\n@media (min-width:850px) {\n  #col-182790860 > .col-inner {\n    margin: -165px 0px 0px 0px;\n  }\n}\n<\/style>\n\t<\/div>\n\n\t\n\n<\/div>\n\n\t\t<\/div>\n\t\t\t\t\t<\/div>\n\n\t\n\n\t<div id=\"col-792499642\" class=\"col medium-12 small-12 large-6\"  >\n\t\t\t\t<div class=\"col-inner\"  >\n\t\t\t\n\t\t\t\n\n\t<div id=\"text-1207368930\" class=\"text\">\n\t\t\n\n<h2>WING-Kurse am Comer See<\/h2>\n\t\t\n<style>\n#text-1207368930 {\n  font-size: 1.3rem;\n}\n<\/style>\n\t<\/div>\n\t\n<p><strong>F\u00fcr <a title=\"WING FOIL Kurse\" href=\"https:\/\/360insport.com\/corsi-wing-foil\/\">WING<\/a>-Kurse ist die Schule von April bis Oktober ge\u00f6ffnet. T\u00e4glich. <\/strong><\/p>\n<p><strong>Zeitplan: abh\u00e4ngig vom Wind: in der Regel am sp\u00e4ten Vormittag f\u00fcr die Theorie und am fr\u00fchen Nachmittag f\u00fcr die Praxis. <\/strong><\/p>\n<p><strong>Wir w\u00fcrden unseren Sport gerne zu jeder Tageszeit aus\u00fcben, aber das ist nicht m\u00f6glich, da man die richtigen Windverh\u00e4ltnisse haben muss. Auf unserem <a href=\"https:\/\/www.google.com\/maps\/place\/23824+Dervio+LC\/@46.0812622,9.3075833,14z\/data=!3m1!4b1!4m6!3m5!1s0x478415ec807d277d:0x641f64b1fac27ee6!8m2!3d46.0763229!4d9.3074613!16zL20vMGdyM3Ft\">See<\/a> tritt diese Bedingung von April bis Oktober fast t\u00e4glich am Nachmittag auf. <\/strong><\/p>\n<p><strong>Die Kurse sind im Kalender geplant, k\u00f6nnen aber je nach Wetterlage variieren. Wenn ein Kurs wetterbedingt abgesagt wird, kann er sp\u00e4ter nachgeholt werden.<\/strong><\/p>\n<a href=\"https:\/\/360insport.com\/de\/kontakt\/\" class=\"button secondary\"  style=\"border-radius:5px;\">\n    <span>KONTAKTIEREN SIE UNS JETZT F\u00dcR WEITERE INFORMATIONEN<\/span>\n  <\/a>\n\n\n\n\t\t<\/div>\n\t\t\t\t\n<style>\n#col-792499642 > .col-inner {\n  padding: 0px 0 0px 0px;\n}\n@media (min-width:550px) {\n  #col-792499642 > .col-inner {\n    padding: 0px 10% 0px 0px;\n  }\n}\n@media (min-width:850px) {\n  #col-792499642 > .col-inner {\n    padding: 0px 0px 0px 15%;\n  }\n}\n<\/style>\n\t<\/div>\n\n\t\n\n<\/div>\n\n\t\t<\/div>\n\n\t\t\n<style>\n#section_1069504253 {\n  padding-top: 30px;\n  padding-bottom: 30px;\n}\n<\/style>\n\t<\/section>\n\t\n<span class=\"scroll-to\" data-label=\"Scroll to: #corso-base-wing\" data-bullet=\"true\" data-link=\"#corso-base-wing\" data-title=\"corso base wing\" ><a name=\"corso-base-wing\"><\/a><\/span>\n\n\t<section class=\"section\" id=\"section_1550672319\">\n\t\t<div class=\"bg section-bg fill bg-fill  bg-loaded\" >\n\n\t\t\t\n\t\t\t\n\t\t\t\n\n\t\t<\/div>\n\n\t\t\n\n\t\t<div class=\"section-content relative\">\n\t\t\t\n\n\t<div id=\"gap-1442297232\" class=\"gap-element clearfix\" style=\"display:block; height:auto;\">\n\t\t\n<style>\n#gap-1442297232 {\n  padding-top: 30px;\n}\n<\/style>\n\t<\/div>\n\t\n\n<div class=\"row\"  id=\"row-1781577223\">\n\n\n\t<div id=\"col-1648957150\" class=\"col medium-4 small-12 large-4\"  >\n\t\t\t\t<div class=\"col-inner\"  >\n\t\t\t\n\t\t\t\n\n\t<div id=\"text-3344824894\" class=\"text\">\n\t\t\n\n<h2>WING Grundkurs<\/h2>\n\t\t\n<style>\n#text-3344824894 {\n  font-size: 1.75rem;\n}\n<\/style>\n\t<\/div>\n\t\n\n\t\t<\/div>\n\t\t\t\t\t<\/div>\n\n\t\n\n\t<div id=\"col-1678617152\" class=\"col medium-8 small-12 large-8\"  >\n\t\t\t\t<div class=\"col-inner\"  >\n\t\t\t\n\t\t\t\n\n<p><strong>F\u00fcr diejenigen, die sich zum ersten Mal der Welt des Wassersports und insbesondere dieser Disziplin n\u00e4hern.<\/strong><\/p>\n<p><strong>Dauer: 4 Stunden (1 Stunde Theorie + 3 Stunden Praxis)<\/strong><\/p>\n<p><strong>Die erste Stunde wird genutzt, um \u00fcber die Technik dieser Sportart, die Theorie der notwendigen Materialien und den richtigen Einsatz des Wing-Fl\u00fcgels am Boden zu sprechen. <\/strong><\/p>\n<p><strong>Wir werden zun\u00e4chst \u00fcber die Bewaffnung und Vorbereitung der Ausr\u00fcstung, einige Grundkenntnisse \u00fcber Wind, Sicherheit und spezifische Nomenklatur sprechen.<\/strong><\/p>\n<p><strong>Sp\u00e4ter am fr\u00fchen Nachmittag (sobald die Bedingungen es zulassen) werden wir zur ersten Stunde des \u00dcbens im Wasser \u00fcbergehen und einen Teil des am Vormittag Gelernten in die Praxis umsetzen. Zun\u00e4chst werden Standardbretter mit Drift verwendet, um Ihren K\u00f6rper daran zu gew\u00f6hnen, das Gleichgewicht zu halten, wenn Sie einen Fl\u00fcgel f\u00fcr den Antrieb verwenden. <\/strong><\/p>\n<p><strong>Ziel ist es, Vertrautheit mit den verschiedenen Teilen des Fl\u00fcgels zu entwickeln. In der zweiten \u00dcbungsstunde geht es darum, das zuvor Gelernte zu festigen und umzusetzen. <\/strong><\/p>\n<p><strong>An Bord eines mit einem Folienanhang ausgestatteten Boards werden wir versuchen, Geschwindigkeit zu entwickeln, indem wir die ersten Fl\u00fcge aktivieren. Die dritte Stunde wird theoretisch dem Wind und den Gangarten im Detail, der Priorit\u00e4t im Wasser und den Sicherheits- und Selbstrettungsverfahren gewidmet sein.<\/strong><\/p>\n\n\t\t<\/div>\n\t\t\t\t\t<\/div>\n\n\t\n\n<\/div>\n\n\t\t<\/div>\n\n\t\t\n<style>\n#section_1550672319 {\n  padding-top: 30px;\n  padding-bottom: 30px;\n  background-color: rgb(251, 251, 251);\n}\n<\/style>\n\t<\/section>\n\t\n<div class=\"is-divider divider clearfix\" ><\/div>\n\n<span class=\"scroll-to\" data-label=\"Scroll to: #corso-intermedio-wing\" data-bullet=\"true\" data-link=\"#corso-intermedio-wing\" data-title=\"corso intermedio wing\" ><a name=\"corso-intermedio-wing\"><\/a><\/span>\n\n\t<section class=\"section\" id=\"section_108134250\">\n\t\t<div class=\"bg section-bg fill bg-fill  bg-loaded\" >\n\n\t\t\t\n\t\t\t\n\t\t\t\n\n\t\t<\/div>\n\n\t\t\n\n\t\t<div class=\"section-content relative\">\n\t\t\t\n\n\t<div id=\"gap-1543167410\" class=\"gap-element clearfix\" style=\"display:block; height:auto;\">\n\t\t\n<style>\n#gap-1543167410 {\n  padding-top: 30px;\n}\n<\/style>\n\t<\/div>\n\t\n\n<div class=\"row\"  id=\"row-2058551457\">\n\n\n\t<div id=\"col-2144392949\" class=\"col medium-4 small-12 large-4\"  >\n\t\t\t\t<div class=\"col-inner\"  >\n\t\t\t\n\t\t\t\n\n\t<div id=\"text-2408022706\" class=\"text\">\n\t\t\n\n<h2>Mittelstufe<\/h2>\n\t\t\n<style>\n#text-2408022706 {\n  font-size: 1.75rem;\n}\n<\/style>\n\t<\/div>\n\t\n\n\t\t<\/div>\n\t\t\t\t\t<\/div>\n\n\t\n\n\t<div id=\"col-324873958\" class=\"col medium-8 small-12 large-8\"  >\n\t\t\t\t<div class=\"col-inner\"  >\n\t\t\t\n\t\t\t\n\n<p><strong>F\u00fcr diejenigen, die mit diesem Sport bereits vertraut sind.<\/strong><\/p>\n<p><strong>Dauer 4 Stunden: (1 x Theorie und 3 x Praxis)<\/strong><\/p>\n<p><strong>In der ersten Stunde der Theorie wird eine allgemeine Zusammenfassung aller Begriffe erstellt, die f\u00fcr die korrekte Durchf\u00fchrung der Fl\u00fcgelfolienaktivit\u00e4t erforderlich sind.<\/strong><br><strong>W\u00e4hrend der ersten Stunde im Wasser und in den folgenden 2 Stunden \u00dcbung, nachdem wir das Niveau der Sch\u00fcler \u00fcberpr\u00fcft haben, konzentrieren wir uns auf die richtigen Techniken des Man\u00f6vrierens, Drehens und Halsens f\u00fcr einen fl\u00fcssigen und kontinuierlichen Einsatz des Wing Foils ohne Unterbrechungen.<\/strong><\/p>\n\n\t\t<\/div>\n\t\t\t\t\t<\/div>\n\n\t\n\n<\/div>\n\n\t\t<\/div>\n\n\t\t\n<style>\n#section_108134250 {\n  padding-top: 30px;\n  padding-bottom: 30px;\n  background-color: rgb(251, 251, 251);\n}\n<\/style>\n\t<\/section>\n\t\n<div class=\"is-divider divider clearfix\" ><\/div>\n\n<span class=\"scroll-to\" data-label=\"Scroll to: #corso-avanzato-wing\" data-bullet=\"true\" data-link=\"#corso-avanzato-wing\" data-title=\"corso avanzato wing\" ><a name=\"corso-avanzato-wing\"><\/a><\/span>\n\n\t<section class=\"section\" id=\"section_1146444164\">\n\t\t<div class=\"bg section-bg fill bg-fill  bg-loaded\" >\n\n\t\t\t\n\t\t\t\n\t\t\t\n\n\t\t<\/div>\n\n\t\t\n\n\t\t<div class=\"section-content relative\">\n\t\t\t\n\n\t<div id=\"gap-2068034013\" class=\"gap-element clearfix\" style=\"display:block; height:auto;\">\n\t\t\n<style>\n#gap-2068034013 {\n  padding-top: 30px;\n}\n<\/style>\n\t<\/div>\n\t\n\n<div class=\"row\"  id=\"row-13929968\">\n\n\n\t<div id=\"col-1655687342\" class=\"col medium-4 small-12 large-4\"  >\n\t\t\t\t<div class=\"col-inner\"  >\n\t\t\t\n\t\t\t\n\n\t<div id=\"text-3778646880\" class=\"text\">\n\t\t\n\n<h2>Werkstatt<\/h2>\n\t\t\n<style>\n#text-3778646880 {\n  font-size: 1.75rem;\n}\n<\/style>\n\t<\/div>\n\t\n\n\t\t<\/div>\n\t\t\t\t\t<\/div>\n\n\t\n\n\t<div id=\"col-572602258\" class=\"col medium-8 small-12 large-8\"  >\n\t\t\t\t<div class=\"col-inner\"  >\n\t\t\t\n\t\t\t\n\n<p><strong>F\u00fcr diejenigen, die bereits die volle Kontrolle \u00fcber das Brett und den Fl\u00fcgel in den verschiedenen Gangarten und bei Man\u00f6vern haben.<\/strong><\/p>\n<p><strong>Dieser Kurs widmet sich dem didaktischen Fortschritt f\u00fcr diejenigen, die bereits die Grund- und Mittelstufenkurse bei uns absolviert haben oder f\u00fcr diejenigen, die von anderen Schulen kommen und ihre Technik verbessern m\u00f6chten. Du lernst die ersten Entwicklungen auf dem Brett und gehst dich den ersten Spr\u00fcngen n\u00e4hern.ulla tavola e si approcceranno i primi salti.<\/strong><\/p>\n<p>&nbsp;<\/p>\n\n\t\t<\/div>\n\t\t\t\t\t<\/div>\n\n\t\n\n<\/div>\n\n\t\t<\/div>\n\n\t\t\n<style>\n#section_1146444164 {\n  padding-top: 30px;\n  padding-bottom: 30px;\n  background-color: rgb(251, 251, 251);\n}\n<\/style>\n\t<\/section>\n\t\n\t<section class=\"section dark\" id=\"section_480662860\">\n\t\t<div class=\"bg section-bg fill bg-fill  \" >\n\n\t\t\t\t<div class=\"video-overlay no-click fill\"><\/div>\n\t<div id=\"ytplayer-867\" class=\"ux-youtube fill object-fit hide-for-medium\" data-videoid=\"fjbW6RjnQ-8\" data-loop=\"1\" data-audio=\"0\"><\/div>\n\n\t\t\t<div class=\"section-bg-overlay absolute fill\"><\/div>\n\t\t\t\n\n\t\t<\/div>\n\n\t\t\n\n\t\t<div class=\"section-content relative\">\n\t\t\t\n\n\t<div id=\"gap-507536085\" class=\"gap-element clearfix\" style=\"display:block; height:auto;\">\n\t\t\n<style>\n#gap-507536085 {\n  padding-top: 50px;\n}\n<\/style>\n\t<\/div>\n\t\n\n<div class=\"row align-center\"  id=\"row-190135613\">\n\n\n\t<div id=\"col-1961067279\" class=\"col medium-9 small-12 large-6\"  >\n\t\t\t\t<div class=\"col-inner text-center\"  >\n\t\t\t\n\t\t\t\n\n<h6>360 INSPORT Wassersport am Comer See<\/h6>\n\t<div id=\"text-4256861797\" class=\"text\">\n\t\t\n\n<h2>Beginnen Sie mit einer Probestunde<\/h2>\n\t\t\n<style>\n#text-4256861797 {\n  font-size: 2rem;\n}\n<\/style>\n\t<\/div>\n\t\n<a href=\"https:\/\/360insport.com\/de\/kontakt\/\" class=\"button primary\"  >\n    <span>KONTAKTIEREN SIE UNS JETZT<\/span>\n  <\/a>\n\n\n\n\t\t<\/div>\n\t\t\t\t\t<\/div>\n\n\t\n\n<\/div>\n\n\t\t<\/div>\n\n\t\t\n<style>\n#section_480662860 {\n  padding-top: 30px;\n  padding-bottom: 30px;\n  min-height: 400px;\n}\n#section_480662860 .section-bg-overlay {\n  background-color: rgba(0, 0, 0, 0.3);\n}\n#section_480662860 .section-bg.bg-loaded {\n  background-image: url(https:\/\/360insport.com\/wp-content\/uploads\/2023\/03\/DuotoneFoil.webp);\n}\n#section_480662860 .section-bg {\n  background-position: 64% 37%;\n}\n@media (min-width:550px) {\n  #section_480662860 {\n    min-height: 500px;\n  }\n}\n<\/style>\n\t<\/section>\n\t\n\n","protected":false},"excerpt":{"rendered":"","protected":false},"author":1,"featured_media":0,"parent":0,"menu_order":0,"comment_status":"closed","ping_status":"closed","template":"","meta":{"footnotes":""},"class_list":["post-470","page","type-page","status-publish","hentry"],"aioseo_notices":[],"_links":{"self":[{"href":"https:\/\/360insport.com\/de\/wp-json\/wp\/v2\/pages\/470","targetHints":{"allow":["GET"]}}],"collection":[{"href":"https:\/\/360insport.com\/de\/wp-json\/wp\/v2\/pages"}],"about":[{"href":"https:\/\/360insport.com\/de\/wp-json\/wp\/v2\/types\/page"}],"author":[{"embeddable":true,"href":"https:\/\/360insport.com\/de\/wp-json\/wp\/v2\/users\/1"}],"replies":[{"embeddable":true,"href":"https:\/\/360insport.com\/de\/wp-json\/wp\/v2\/comments?post=470"}],"version-history":[{"count":1,"href":"https:\/\/360insport.com\/de\/wp-json\/wp\/v2\/pages\/470\/revisions"}],"predecessor-version":[{"id":471,"href":"https:\/\/360insport.com\/de\/wp-json\/wp\/v2\/pages\/470\/revisions\/471"}],"wp:attachment":[{"href":"https:\/\/360insport.com\/de\/wp-json\/wp\/v2\/media?parent=470"}],"curies":[{"name":"wp","href":"https:\/\/api.w.org\/{rel}","templated":true}]}}