{"id":480,"date":"2023-03-15T08:21:31","date_gmt":"2023-03-15T07:21:31","guid":{"rendered":"https:\/\/360insport.com\/kite-schule-comer-see\/"},"modified":"2023-05-14T13:31:25","modified_gmt":"2023-05-14T12:31:25","slug":"kite-schule-comer-see","status":"publish","type":"page","link":"https:\/\/360insport.com\/de\/kite-schule-comer-see\/","title":{"rendered":"KITE Schule Comer See"},"content":{"rendered":"\n\t<section class=\"section dark\" id=\"section_1830535385\">\n\t\t<div class=\"bg section-bg fill bg-fill  \" >\n\n\t\t\t\t<div class=\"video-overlay no-click fill\"><\/div>\n\t<div id=\"ytplayer-595\" class=\"ux-youtube fill object-fit hide-for-medium\" data-videoid=\"UOEVzZM66Rw\" data-loop=\"1\" data-audio=\"0\"><\/div>\n\n\t\t\t<div class=\"section-bg-overlay absolute fill\"><\/div>\n\t\t\t\n\n\t\t<\/div>\n\n\t\t\n\n\t\t<div class=\"section-content relative\">\n\t\t\t\n\n\t<div id=\"gap-586794984\" class=\"gap-element clearfix\" style=\"display:block; height:auto;\">\n\t\t\n<style>\n#gap-586794984 {\n  padding-top: 50px;\n}\n<\/style>\n\t<\/div>\n\t\n\n<div class=\"row align-center\"  id=\"row-1239467819\">\n\n\n\t<div id=\"col-1206666897\" class=\"col medium-9 small-12 large-6\"  >\n\t\t\t\t<div class=\"col-inner text-center\"  >\n\t\t\t\n\t\t\t\n\n<h6>Die Kitesurfschule in Dervio ist 360 im Sport<\/h6>\n\t<div id=\"text-359272179\" class=\"text\">\n\t\t\n\n<h2>Starten Sie mit uns durch<\/h2>\n<p><a href=\"https:\/\/360insport.com\/de\/unsere-kitesurfkurse-am-comer-see\/\">Kiteunterricht am Comer See<\/a><\/p>\n\t\t\n<style>\n#text-359272179 {\n  font-size: 2rem;\n}\n<\/style>\n\t<\/div>\n\t\n\n\t\t<\/div>\n\t\t\t\t\t<\/div>\n\n\t\n\n<\/div>\n\n\t\t<\/div>\n\n\t\t\n<style>\n#section_1830535385 {\n  padding-top: 30px;\n  padding-bottom: 30px;\n  min-height: 400px;\n}\n#section_1830535385 .section-bg-overlay {\n  background-color: rgba(0, 0, 0, 0.3);\n}\n#section_1830535385 .section-bg.bg-loaded {\n  background-image: url(https:\/\/360insport.com\/wp-content\/uploads\/2023\/03\/0F0A8115.jpg);\n}\n#section_1830535385 .section-bg {\n  background-position: 64% 37%;\n}\n@media (min-width:550px) {\n  #section_1830535385 {\n    min-height: 500px;\n  }\n}\n<\/style>\n\t<\/section>\n\t\n\t<section class=\"section\" id=\"section_1722075826\">\n\t\t<div class=\"bg section-bg fill bg-fill  bg-loaded\" >\n\n\t\t\t\n\t\t\t\n\t\t\t\n\n\t\t<\/div>\n\n\t\t\n\n\t\t<div class=\"section-content relative\">\n\t\t\t\n\n<div class=\"row\"  id=\"row-1736921439\">\n\n\n\t<div id=\"col-255848838\" class=\"col medium-4 small-12 large-4\"  >\n\t\t\t\t<div class=\"col-inner\"  >\n\t\t\t\n\t\t\t\n\n\t<div id=\"text-1681968572\" class=\"text\">\n\t\t\n\n<h2>Kiteschule<\/h2>\n\t\t\n<style>\n#text-1681968572 {\n  font-size: 1.75rem;\n}\n<\/style>\n\t<\/div>\n\t\n\n\t\t<\/div>\n\t\t\t\t\t<\/div>\n\n\t\n\n\t<div id=\"col-1054838183\" class=\"col medium-8 small-12 large-8\"  >\n\t\t\t\t<div class=\"col-inner\"  >\n\t\t\t\n\t\t\t\n\n<p>Jeder kann auf diesen wunderbaren Sport zugreifen, man braucht keine Kraft, er ist einfach, schnell zu erlernen und auch g\u00fcnstig, aber&#8230;&#8230;<\/p>\n<p>Kitesurfen ist eine dieser Sportarten, deren Ansatz nicht mit DIY oder der Unterst\u00fctzung eines Freundes, der es bereits praktiziert, empfohlen wird. Es ist wichtig, dass die ersten Schritte in der Welt des Kitens von qualifizierten Instruktoren verfolgt werden, die Ihnen schnell die Grundregeln der Sicherheit beibringen. Denn wenn du diese Regeln nicht zu Beginn lernst, wirst du auf Situationen sto\u00dfen, die f\u00fcr dich und andere Menschen um dich herum wirklich gef\u00e4hrlich und unangenehm werden k\u00f6nnen.<\/p>\n<p>Alle unsere Instruktoren haben keine improvisierten &#8222;Meister&#8220;, sondern alle Kurse absolviert, die erforderlich sind, um sich als vom Italienischen Nationalen Olympischen Komitee (<a href=\"https:\/\/www.coni.it\">CONI<\/a>), dem italienischen Segelverband (<a href=\"https:\/\/www.federvela.it\/\">FIV<\/a>) und \/ oder der International Kiteboarding Organization (<a href=\"https:\/\/www.ikointl.com\">IKO<\/a>) anerkannte Instruktoren zu qualifizieren. Dank dieser Vorbereitung bin ich in der Lage, jeden in diesem Sport zur Autonomie zu bringen. Die einzige Voraussetzung ist, keine Angst vor Wasser zu haben!<\/p>\n\n\t\t<\/div>\n\t\t\t\t\t<\/div>\n\n\t\n\n<\/div>\n\n\t\t<\/div>\n\n\t\t\n<style>\n#section_1722075826 {\n  padding-top: 30px;\n  padding-bottom: 30px;\n}\n<\/style>\n\t<\/section>\n\t\n\t<section class=\"section\" id=\"section_1746633989\">\n\t\t<div class=\"bg section-bg fill bg-fill  bg-loaded\" >\n\n\t\t\t\n\t\t\t\n\t\t\t\n\n\t\t<\/div>\n\n\t\t\n\n\t\t<div class=\"section-content relative\">\n\t\t\t\n\n<div class=\"row row-collapse row-full-width align-equal\"  id=\"row-1213238587\">\n\n\n\t<div id=\"col-1401971730\" class=\"col small-12 large-12\"  >\n\t\t\t\t<div class=\"col-inner\"  >\n\t\t\t\n\t\t\t\n\n<div class=\"row row-collapse row-full-width align-middle\"  id=\"row-1687565415\">\n\n\n\t<div id=\"col-488917955\" class=\"col medium-12 small-12 large-6\"  >\n\t\t\t\t<div class=\"col-inner text-center dark\"  >\n\t\t\t\n\t\t\t\n\n\t<div id=\"gap-1877872198\" class=\"gap-element clearfix\" style=\"display:block; height:auto;\">\n\t\t\n<style>\n#gap-1877872198 {\n  padding-top: 20px;\n}\n<\/style>\n\t<\/div>\n\t\n\n\t<div id=\"text-2184557530\" class=\"text\">\n\t\t\n\n<h3 class=\"uppercase\">Probieren Sie das Kiten mit uns am Comer See aus<\/h3>\n\t\t\n<style>\n#text-2184557530 {\n  font-size: 2rem;\n  line-height: 0.75;\n}\n<\/style>\n\t<\/div>\n\t\n<a href=\"https:\/\/360insport.com\/de\/kontakt\/\" class=\"button primary\"  style=\"border-radius:5px;padding:8px 30px 8px 30px;\">\n    <span>F\u00fcllen Sie das Formular aus<\/span>\n  <\/a>\n\n\n\n\t\t<\/div>\n\t\t\t\t\n<style>\n#col-488917955 > .col-inner {\n  padding: 40px 5% 50px 5%;\n}\n@media (min-width:550px) {\n  #col-488917955 > .col-inner {\n    padding: 50px 10% 70px 10%;\n  }\n}\n@media (min-width:850px) {\n  #col-488917955 > .col-inner {\n    padding: 0px 20% 0px 20%;\n  }\n}\n<\/style>\n\t<\/div>\n\n\t\n\n\t<div id=\"col-1222092905\" class=\"col medium-12 small-12 large-6\"  >\n\t\t\t\t<div class=\"col-inner\"  >\n\t\t\t\n\t\t\t\n\n\n  <div class=\"banner has-hover\" id=\"banner-1935100886\">\n          <div class=\"banner-inner fill\">\n        <div class=\"banner-bg fill\" >\n            <div class=\"bg fill bg-fill \"><\/div>\n                                    \n                    <\/div>\n\t\t\n        <div class=\"banner-layers container\">\n            <div class=\"fill banner-link\"><\/div>            \n\n\n        <\/div>\n      <\/div>\n\n            \n<style>\n#banner-1935100886 {\n  padding-top: 250px;\n  background-color: rgba(255, 255, 255, 0);\n}\n#banner-1935100886 .bg.bg-loaded {\n  background-image: url(https:\/\/360insport.com\/wp-content\/uploads\/2023\/03\/0F0A7305.jpg);\n}\n#banner-1935100886 .bg {\n  background-position: 53% 29%;\n}\n@media (min-width:550px) {\n  #banner-1935100886 {\n    padding-top: 325px;\n  }\n}\n<\/style>\n  <\/div>\n\n\n\n\t\t<\/div>\n\t\t\t\t\t<\/div>\n\n\t\n\n<\/div>\n\n\t\t<\/div>\n\t\t\t\t\t<\/div>\n\n\t\n\n\n<style>\n#row-1213238587 > .col > .col-inner {\n  background-color: #273647;\n}\n<\/style>\n<\/div>\n\n\t\t<\/div>\n\n\t\t\n<style>\n#section_1746633989 {\n  padding-top: 0px;\n  padding-bottom: 0px;\n}\n<\/style>\n\t<\/section>\n\t\n\t<section class=\"section\" id=\"section_1093368713\">\n\t\t<div class=\"bg section-bg fill bg-fill  bg-loaded\" >\n\n\t\t\t\n\t\t\t\n\t\t\t\n\n\t\t<\/div>\n\n\t\t\n\n\t\t<div class=\"section-content relative\">\n\t\t\t\n\n<div class=\"row\"  id=\"row-1165220088\">\n\n\n\t<div id=\"col-1268778933\" class=\"col medium-8 small-12 large-8\"  >\n\t\t\t\t<div class=\"col-inner\"  >\n\t\t\t\n\t\t\t\n\n<p>Die Ausstattung: Im Gegensatz zu vielen anderen Schulen verwenden wir neue Ger\u00e4te! Dies liegt daran, dass wir keine Probleme mit Ger\u00e4ten haben, die kaputt gehen, und es kommt nie vor, dass wir den Unterricht aufgrund eines Bruchs der Ausr\u00fcstung unterbrechen m\u00fcssen.<\/p>\n<p>Wir stellen dir alles zur Verf\u00fcgung, was du brauchst: Neoprenanzug, schwimmende Jacke, Helm mit Funk, Board und Kite. Die Verwendung des Funkger\u00e4ts erm\u00f6glicht es dem Lehrer, mit dem Sch\u00fcler im Wasser zu kommunizieren, ohne schreien zu m\u00fcssen. Einen Lehrer zu h\u00f6ren, der nicht schreit, beruhigt den Sch\u00fcler, so dass er sich nur auf die \u00dcbungen konzentrieren kann, die der Lehrer gibt.<\/p>\n<p>Wir haben auch ein Boot und ein Beiboot, um den Sch\u00fclern und den Liften im Wasser zu folgen.<\/p>\n<p>Dauer der Lektion: Die tats\u00e4chliche Dauer der Lektion betr\u00e4gt eine Stunde ab dem Zeitpunkt, an dem der Sch\u00fcler ins Wasser gesetzt wird. Wenn der Sch\u00fcler in der Stunde viel klettert, ist auch die R\u00fcckkehr zum Startpunkt enthalten.<\/p>\n<p>F\u00fcr Studenten, die den Kurs abgeschlossen haben und unabh\u00e4ngig sind, wird erwartet, dass sie auf unseren Liftservice zugreifen k\u00f6nnen, der den Start an einem Punkt des Sees vorsieht, an dem der Wind optimal ist, und die anschlie\u00dfende Erholung am Ende der Aktivit\u00e4t.<\/p>\n<p><a href=\"https:\/\/360insport.com\/de\/unsere-kitesurfkurse-am-comer-see\/\">Entdecken Sie die Kitesurfkurse, die von April bis Oktober t\u00e4glich angeboten werden.<\/a><\/p>\n\n\t\t<\/div>\n\t\t\t\t\t<\/div>\n\n\t\n\n\t<div id=\"col-1764604562\" class=\"col medium-4 small-12 large-4\"  >\n\t\t\t\t<div class=\"col-inner\"  >\n\t\t\t\n\t\t\t\n\n\t<div id=\"text-2713397797\" class=\"text\">\n\t\t\n\n<h2>Ausr\u00fcstung<\/h2>\n\t\t\n<style>\n#text-2713397797 {\n  font-size: 1.75rem;\n}\n<\/style>\n\t<\/div>\n\t\n\n\t\t<\/div>\n\t\t\t\t\t<\/div>\n\n\t\n\n<\/div>\n\n\t\t<\/div>\n\n\t\t\n<style>\n#section_1093368713 {\n  padding-top: 30px;\n  padding-bottom: 30px;\n}\n<\/style>\n\t<\/section>\n\t\n\t<section class=\"section\" id=\"section_1471919788\">\n\t\t<div class=\"bg section-bg fill bg-fill  bg-loaded\" >\n\n\t\t\t\n\t\t\t\n\t\t\t\n\n\t\t<\/div>\n\n\t\t\n\n\t\t<div class=\"section-content relative\">\n\t\t\t\n\n\t<div id=\"gap-987214176\" class=\"gap-element clearfix\" style=\"display:block; height:auto;\">\n\t\t\n<style>\n#gap-987214176 {\n  padding-top: 20px;\n}\n<\/style>\n\t<\/div>\n\t\n\n<div class=\"row\"  id=\"row-1603131916\">\n\n\n\t<div id=\"col-275946844\" class=\"col small-12 large-12\"  >\n\t\t\t\t<div class=\"col-inner\"  >\n\t\t\t\n\t\t\t\n\n<div class=\"row row-collapse align-middle\"  id=\"row-1878972204\">\n\n\n\t<div id=\"col-597010045\" class=\"col medium-12 small-12 large-7\"  >\n\t\t\t\t<div class=\"col-inner\"  >\n\t\t\t\n\t\t\t\n\n\n  <div class=\"banner has-hover\" id=\"banner-350077280\">\n          <div class=\"banner-inner fill\">\n        <div class=\"banner-bg fill\" >\n            <div class=\"bg fill bg-fill \"><\/div>\n                                    \n                    <\/div>\n\t\t\n        <div class=\"banner-layers container\">\n            <div class=\"fill banner-link\"><\/div>            \n\n\n        <\/div>\n      <\/div>\n\n            \n<style>\n#banner-350077280 {\n  padding-top: 225px;\n  background-color: rgba(255, 255, 255, 0);\n}\n#banner-350077280 .bg.bg-loaded {\n  background-image: url(https:\/\/360insport.com\/wp-content\/uploads\/2023\/03\/0F0A7548.jpg);\n}\n#banner-350077280 .bg {\n  background-position: 54% 38%;\n}\n@media (min-width:550px) {\n  #banner-350077280 {\n    padding-top: 300px;\n  }\n}\n<\/style>\n  <\/div>\n\n\n\n\t\t<\/div>\n\t\t\t\t\t<\/div>\n\n\t\n\n\t<div id=\"col-1920110177\" class=\"col medium-12 small-12 large-5\"  >\n\t\t\t\t<div class=\"col-inner text-center dark\" style=\"background-color:rgb(61, 127, 212);\" >\n\t\t\t\n\t\t\t\n\n\t<div id=\"gap-1678680246\" class=\"gap-element clearfix\" style=\"display:block; height:auto;\">\n\t\t\n<style>\n#gap-1678680246 {\n  padding-top: 30px;\n}\n<\/style>\n\t<\/div>\n\t\n\n\t<div id=\"text-2934689182\" class=\"text\">\n\t\t\n\n<h3>UNSERE KURSE<\/h3>\n\t\t\n<style>\n#text-2934689182 {\n  font-size: 1.75rem;\n  line-height: 1;\n}\n<\/style>\n\t<\/div>\n\t\n\t<div id=\"text-2100656769\" class=\"text\">\n\t\t\n\n<p>Entdecken Sie unsere Kurse und w\u00e4hlen Sie den aus, den Sie f\u00fcr am besten geeignet halten, wir k\u00fcmmern uns um den Rest.<\/p>\n\t\t\n<style>\n#text-2100656769 {\n  font-size: 0.95rem;\n}\n<\/style>\n\t<\/div>\n\t\n<a href=\"https:\/\/360insport.com\/de\/unsere-kitesurfkurse-am-comer-see\/\" class=\"button white\"  style=\"border-radius:5px;\">\n    <span>zu den Kursen<\/span>\n  <\/a>\n\n\n\n\t\t<\/div>\n\t\t\t\t\n<style>\n#col-1920110177 > .col-inner {\n  padding: 30px 5% 50px 5%;\n}\n@media (min-width:550px) {\n  #col-1920110177 > .col-inner {\n    padding: 40px 15% 60px 15%;\n  }\n}\n@media (min-width:850px) {\n  #col-1920110177 > .col-inner {\n    padding: 0px 15% 0px 15%;\n  }\n}\n<\/style>\n\t<\/div>\n\n\t\n\n\n<style>\n#row-1878972204 > .col > .col-inner {\n  background-color: rgb(75, 154, 255);\n}\n<\/style>\n<\/div>\n\n\t\t<\/div>\n\t\t\t\t\t<\/div>\n\n\t\n\n\n<style>\n#row-1603131916 > .col > .col-inner {\n  background-color: rgb(61, 127, 212);\n}\n<\/style>\n<\/div>\n\n\t\t<\/div>\n\n\t\t\n<style>\n#section_1471919788 {\n  padding-top: 30px;\n  padding-bottom: 30px;\n}\n@media (min-width:550px) {\n  #section_1471919788 {\n    padding-top: 0px;\n    padding-bottom: 0px;\n  }\n}\n<\/style>\n\t<\/section>\n\t\n\t<section class=\"section\" id=\"section_719021408\">\n\t\t<div class=\"bg section-bg fill bg-fill  bg-loaded\" >\n\n\t\t\t\n\t\t\t\n\t\t\t\n\n\t\t<\/div>\n\n\t\t\n\n\t\t<div class=\"section-content relative\">\n\t\t\t\n\n<div class=\"row\"  id=\"row-1641138590\">\n\n\n\t<div id=\"col-1633885817\" class=\"col medium-4 small-12 large-4\"  >\n\t\t\t\t<div class=\"col-inner\"  >\n\t\t\t\n\t\t\t\n\n\t<div id=\"text-179914936\" class=\"text\">\n\t\t\n\n<h2>Unsere Basis<\/h2>\n\t\t\n<style>\n#text-179914936 {\n  font-size: 1.75rem;\n}\n<\/style>\n\t<\/div>\n\t\n\n\t\t<\/div>\n\t\t\t\t\t<\/div>\n\n\t\n\n\t<div id=\"col-273052571\" class=\"col medium-8 small-12 large-8\"  >\n\t\t\t\t<div class=\"col-inner\"  >\n\t\t\t\n\t\t\t\n\n<p>Dar\u00fcber hinaus ist unsere Schule eine der wenigen, die \u00fcber einen physischen Standort verf\u00fcgt und Sie vor und nach dem Unterricht begr\u00fc\u00dfen kann. Wir befinden uns in Dervio, in der N\u00e4he des Hafens von Santa Cecilia, am ber\u00fchmten Comer See gibt es die besten Windbedingungen in ganz Norditalien. In der N\u00e4he von Mailand, Lecco, Como, Lugano, Bergamo und Sondrio. Wir haben auch einen &#8222;Abholpunkt&#8220; auf der anderen Seite des Sees in Santa Maria di Rezzonico an der Bar <a href=\"https:\/\/www.google.com\/maps\/place\/BEACH+29+Bar+Pizzeria+Griglieria\/@46.0658108,9.2703344,15z\/data=!4m14!1m7!3m6!1s0x47843e08fcf78973:0x6fa34d204bc01268!2sBEACH+29+Bar+Pizzeria+Griglieria!8m2!3d46.0658108!4d9.2703344!16s%2Fg%2F11b_2g72j3!3m5!1s0x47843e08fcf78973:0x6fa34d204bc01268!8m2!3d46.0658108!4d9.2703344!16s%2Fg%2F11b_2g72j3\">Beach 29<\/a> f\u00fcr diejenigen, die aus der Schweiz oder Como anreisen.<\/p>\n<p>Hier weht der Wind (La Breva) von April bis September jeden Nachmittag von 12 bis 19 Uhr stark und ist der beste Wind, um diesen Sport zu erlernen, da er konstant und ohne B\u00f6en ist. Nicht zu stark und nicht zu schwach; Mit anderen Worten, es ist perfekt!<\/p>\n<p>Unsere Schule ist ein Sportverein, der der <a href=\"https:\/\/www.uisp.it\">UISP<\/a> angeschlossen ist, und dies garantiert Ihnen maximalen Schutz, wenn Sie diesen Sport bei uns lernen oder aus\u00fcben. Alle unsere Sch\u00fcler und alle unsere Praktiker M\u00dcSSEN unbedingt zu einem Preis von nur 35 \u20ac pro Kalenderjahr in unsere Schule eintreten, wodurch <a href=\"https:\/\/www.uisp.it\/nazionale\/pagina\/soci-e-assicurazione\">Versicherungsschutz<\/a> vor Anspr\u00fcchen wie Unf\u00e4llen, schwerwiegenden Ereignissen und Anspr\u00fcchen garantiert wird. Um Zugang zu Wasseraktivit\u00e4ten zu erhalten, m\u00fcssen Sie in guter k\u00f6rperlicher Verfassung sein.<\/p>\n\n\t\t<\/div>\n\t\t\t\t\t<\/div>\n\n\t\n\n<\/div>\n\n\t\t<\/div>\n\n\t\t\n<style>\n#section_719021408 {\n  padding-top: 30px;\n  padding-bottom: 30px;\n}\n<\/style>\n\t<\/section>\n\t\n\n","protected":false},"excerpt":{"rendered":"","protected":false},"author":1,"featured_media":0,"parent":0,"menu_order":0,"comment_status":"closed","ping_status":"closed","template":"","meta":{"footnotes":""},"class_list":["post-480","page","type-page","status-publish","hentry"],"aioseo_notices":[],"_links":{"self":[{"href":"https:\/\/360insport.com\/de\/wp-json\/wp\/v2\/pages\/480","targetHints":{"allow":["GET"]}}],"collection":[{"href":"https:\/\/360insport.com\/de\/wp-json\/wp\/v2\/pages"}],"about":[{"href":"https:\/\/360insport.com\/de\/wp-json\/wp\/v2\/types\/page"}],"author":[{"embeddable":true,"href":"https:\/\/360insport.com\/de\/wp-json\/wp\/v2\/users\/1"}],"replies":[{"embeddable":true,"href":"https:\/\/360insport.com\/de\/wp-json\/wp\/v2\/comments?post=480"}],"version-history":[{"count":1,"href":"https:\/\/360insport.com\/de\/wp-json\/wp\/v2\/pages\/480\/revisions"}],"predecessor-version":[{"id":481,"href":"https:\/\/360insport.com\/de\/wp-json\/wp\/v2\/pages\/480\/revisions\/481"}],"wp:attachment":[{"href":"https:\/\/360insport.com\/de\/wp-json\/wp\/v2\/media?parent=480"}],"curies":[{"name":"wp","href":"https:\/\/api.w.org\/{rel}","templated":true}]}}